{"id":222,"date":"2024-03-06T16:57:47","date_gmt":"2024-03-06T16:57:47","guid":{"rendered":"https:\/\/casadolivreiro.pt\/?post_type=product&#038;p=222"},"modified":"2024-03-06T17:22:27","modified_gmt":"2024-03-06T17:22:27","slug":"parenthese-patagone-tome-0","status":"publish","type":"product","link":"https:\/\/casadolivreiro.pt\/index.php\/product\/parenthese-patagone-tome-0\/","title":{"rendered":"Parenth\u00e8se patagone &#8211; Tome 0"},"content":{"rendered":"<p>Parenth\u00e8se patagone &#8211; Tome 0<br \/>\nAude Picault<br \/>\n\u00c9diteur \u200f : \u200e DARGAUD; Illustrated \u00e9dition (2 octobre 2015)<br \/>\nLangue \u200f : \u200e Fran\u00e7ais<br \/>\nBroch\u00e9 \u200f : \u200e 136 pages<br \/>\nISBN-10 \u200f : \u200e 2205074903<br \/>\nISBN-13 \u200f : \u200e 978-2205074901<br \/>\nDimensions \u200f : \u200e 17 x 1.3 x 24 cm<\/p>\n<p>Aude Picault nous fait voyager dans des terres myst\u00e9rieuses au bout du monde. Novembre 2014, Aude Picault est en Patagonie. C&#8217;est en canotant dans le golfe du Morbihan que lui est venue l&#8217;envie de ce voyage dans les latitudes extr\u00eames de l&#8217;h\u00e9misph\u00e8re Sud. Elle tire un r\u00e9cit superbe de ces territoires qui ne peuvent \u00eatre approch\u00e9s qu&#8217;en bateau, l\u00e0 o\u00f9 soufflent les terribles quaranti\u00e8mes rugissants et cinquanti\u00e8mes hurlants, et o\u00f9 les glaciers font un bruit d&#8217;enfer&#8230; Un voyage magique au bout du monde.<\/p>\n","protected":false},"excerpt":{"rendered":"<p>Parenth\u00e8se patagone &#8211; Tome 0 Aude Picault \u00c9diteur \u200f : \u200e DARGAUD; Illustrated \u00e9dition (2 octobre 2015) Langue \u200f : \u200e Fran\u00e7ais Broch\u00e9 \u200f : \u200e 136 pages ISBN-10 \u200f : \u200e 2205074903 ISBN-13 \u200f : \u200e 978-2205074901 Dimensions \u200f : \u200e 17 x 1.3 x 24 cm Aude Picault nous fait voyager dans des [&hellip;]<\/p>\n","protected":false},"featured_media":224,"comment_status":"open","ping_status":"closed","template":"","meta":{"om_disable_all_campaigns":false,"_monsterinsights_skip_tracking":false,"_monsterinsights_sitenote_active":false,"_monsterinsights_sitenote_note":"","_monsterinsights_sitenote_category":0,"_uf_show_specific_survey":0,"_uf_disable_surveys":false},"product_cat":[35,56,62],"product_tag":[],"aioseo_notices":[],"jetpack_sharing_enabled":true,"_links":{"self":[{"href":"https:\/\/casadolivreiro.pt\/index.php\/wp-json\/wp\/v2\/product\/222"}],"collection":[{"href":"https:\/\/casadolivreiro.pt\/index.php\/wp-json\/wp\/v2\/product"}],"about":[{"href":"https:\/\/casadolivreiro.pt\/index.php\/wp-json\/wp\/v2\/types\/product"}],"replies":[{"embeddable":true,"href":"https:\/\/casadolivreiro.pt\/index.php\/wp-json\/wp\/v2\/comments?post=222"}],"wp:featuredmedia":[{"embeddable":true,"href":"https:\/\/casadolivreiro.pt\/index.php\/wp-json\/wp\/v2\/media\/224"}],"wp:attachment":[{"href":"https:\/\/casadolivreiro.pt\/index.php\/wp-json\/wp\/v2\/media?parent=222"}],"wp:term":[{"taxonomy":"product_cat","embeddable":true,"href":"https:\/\/casadolivreiro.pt\/index.php\/wp-json\/wp\/v2\/product_cat?post=222"},{"taxonomy":"product_tag","embeddable":true,"href":"https:\/\/casadolivreiro.pt\/index.php\/wp-json\/wp\/v2\/product_tag?post=222"}],"curies":[{"name":"wp","href":"https:\/\/api.w.org\/{rel}","templated":true}]}}