{"id":2219,"date":"2024-04-10T19:15:29","date_gmt":"2024-04-10T19:15:29","guid":{"rendered":"https:\/\/casadolivreiro.pt\/?post_type=product&#038;p=2219"},"modified":"2024-04-10T19:15:29","modified_gmt":"2024-04-10T19:15:29","slug":"les-quatre-doigts-du-dieu-lune-papyrus-de-gieter","status":"publish","type":"product","link":"https:\/\/casadolivreiro.pt\/index.php\/product\/les-quatre-doigts-du-dieu-lune-papyrus-de-gieter\/","title":{"rendered":"LES QUATRE DOIGTS DU DIEU LUNE &#8211; Papyrus, De Gieter"},"content":{"rendered":"<p>LES QUATRE DOIGTS DU DIEU LUNE<br \/>\nPapyrus, De Gieter<br \/>\nISBN: 2-8001-2726-0<br \/>\nExemplar autografado<br \/>\nAno de edi\u00e7\u00e3o: 2003<br \/>\nEditor: Dupuis<br \/>\nIdioma: Franc\u00eas<br \/>\nDimens\u00f5es: 21.5 x 0.8 x 30 cm<br \/>\nEncaderna\u00e7\u00e3o: Capa dura<br \/>\nP\u00e1ginas: 46<\/p>\n","protected":false},"excerpt":{"rendered":"<p>LES QUATRE DOIGTS DU DIEU LUNE Papyrus, De Gieter ISBN: 2-8001-2726-0 Exemplar autografado Ano de edi\u00e7\u00e3o: 2003 Editor: Dupuis Idioma: Franc\u00eas Dimens\u00f5es: 21.5 x 0.8 x 30 cm Encaderna\u00e7\u00e3o: Capa dura P\u00e1ginas: 46<\/p>\n","protected":false},"featured_media":2220,"comment_status":"open","ping_status":"closed","template":"","meta":{"om_disable_all_campaigns":false,"_monsterinsights_skip_tracking":false,"_monsterinsights_sitenote_active":false,"_monsterinsights_sitenote_note":"","_monsterinsights_sitenote_category":0,"_uf_show_specific_survey":0,"_uf_disable_surveys":false},"product_cat":[35,56],"product_tag":[],"aioseo_notices":[],"jetpack_sharing_enabled":true,"_links":{"self":[{"href":"https:\/\/casadolivreiro.pt\/index.php\/wp-json\/wp\/v2\/product\/2219"}],"collection":[{"href":"https:\/\/casadolivreiro.pt\/index.php\/wp-json\/wp\/v2\/product"}],"about":[{"href":"https:\/\/casadolivreiro.pt\/index.php\/wp-json\/wp\/v2\/types\/product"}],"replies":[{"embeddable":true,"href":"https:\/\/casadolivreiro.pt\/index.php\/wp-json\/wp\/v2\/comments?post=2219"}],"wp:featuredmedia":[{"embeddable":true,"href":"https:\/\/casadolivreiro.pt\/index.php\/wp-json\/wp\/v2\/media\/2220"}],"wp:attachment":[{"href":"https:\/\/casadolivreiro.pt\/index.php\/wp-json\/wp\/v2\/media?parent=2219"}],"wp:term":[{"taxonomy":"product_cat","embeddable":true,"href":"https:\/\/casadolivreiro.pt\/index.php\/wp-json\/wp\/v2\/product_cat?post=2219"},{"taxonomy":"product_tag","embeddable":true,"href":"https:\/\/casadolivreiro.pt\/index.php\/wp-json\/wp\/v2\/product_tag?post=2219"}],"curies":[{"name":"wp","href":"https:\/\/api.w.org\/{rel}","templated":true}]}}