{"id":2215,"date":"2024-04-10T19:02:47","date_gmt":"2024-04-10T19:02:47","guid":{"rendered":"https:\/\/casadolivreiro.pt\/?post_type=product&#038;p=2215"},"modified":"2024-04-10T19:02:47","modified_gmt":"2024-04-10T19:02:47","slug":"les-carres-une-enquete-de-kazimir-1-adam-martin","status":"publish","type":"product","link":"https:\/\/casadolivreiro.pt\/index.php\/product\/les-carres-une-enquete-de-kazimir-1-adam-martin\/","title":{"rendered":"LES CARR\u00c9S: UNE ENQU\u00caTE DE KAZIMIR. 1 &#8211; Adam, Martin"},"content":{"rendered":"<p>LES CARR\u00c9S: UNE ENQU\u00caTE DE KAZIMIR. 1<br \/>\nAdam, Martin<br \/>\nISBN: 978-2-7493-0379-6<br \/>\nExemplar autografado<br \/>\nAno de edi\u00e7\u00e3o: 2008<br \/>\nEditor: \u00c9ditions Vents d\u2019Ouest<br \/>\nIdioma: Franc\u00eas<br \/>\nDimens\u00f5es: 22.5 x 0.8 x 29.8 cm<br \/>\nEncaderna\u00e7\u00e3o: Capa dura<br \/>\nP\u00e1ginas: 48<\/p>\n","protected":false},"excerpt":{"rendered":"<p>LES CARR\u00c9S: UNE ENQU\u00caTE DE KAZIMIR. 1 Adam, Martin ISBN: 978-2-7493-0379-6 Exemplar autografado Ano de edi\u00e7\u00e3o: 2008 Editor: \u00c9ditions Vents d\u2019Ouest Idioma: Franc\u00eas Dimens\u00f5es: 22.5 x 0.8 x 29.8 cm Encaderna\u00e7\u00e3o: Capa dura P\u00e1ginas: 48<\/p>\n","protected":false},"featured_media":2216,"comment_status":"open","ping_status":"closed","template":"","meta":{"om_disable_all_campaigns":false,"_monsterinsights_skip_tracking":false,"_monsterinsights_sitenote_active":false,"_monsterinsights_sitenote_note":"","_monsterinsights_sitenote_category":0,"_uf_show_specific_survey":0,"_uf_disable_surveys":false},"product_cat":[35,56],"product_tag":[],"aioseo_notices":[],"jetpack_sharing_enabled":true,"_links":{"self":[{"href":"https:\/\/casadolivreiro.pt\/index.php\/wp-json\/wp\/v2\/product\/2215"}],"collection":[{"href":"https:\/\/casadolivreiro.pt\/index.php\/wp-json\/wp\/v2\/product"}],"about":[{"href":"https:\/\/casadolivreiro.pt\/index.php\/wp-json\/wp\/v2\/types\/product"}],"replies":[{"embeddable":true,"href":"https:\/\/casadolivreiro.pt\/index.php\/wp-json\/wp\/v2\/comments?post=2215"}],"wp:featuredmedia":[{"embeddable":true,"href":"https:\/\/casadolivreiro.pt\/index.php\/wp-json\/wp\/v2\/media\/2216"}],"wp:attachment":[{"href":"https:\/\/casadolivreiro.pt\/index.php\/wp-json\/wp\/v2\/media?parent=2215"}],"wp:term":[{"taxonomy":"product_cat","embeddable":true,"href":"https:\/\/casadolivreiro.pt\/index.php\/wp-json\/wp\/v2\/product_cat?post=2215"},{"taxonomy":"product_tag","embeddable":true,"href":"https:\/\/casadolivreiro.pt\/index.php\/wp-json\/wp\/v2\/product_tag?post=2215"}],"curies":[{"name":"wp","href":"https:\/\/api.w.org\/{rel}","templated":true}]}}