{"id":2213,"date":"2024-04-10T18:59:30","date_gmt":"2024-04-10T18:59:30","guid":{"rendered":"https:\/\/casadolivreiro.pt\/?post_type=product&#038;p=2213"},"modified":"2024-04-10T18:59:30","modified_gmt":"2024-04-10T18:59:30","slug":"insiders-tome-i-guerilla-tchetchene-bartoll-garreta","status":"publish","type":"product","link":"https:\/\/casadolivreiro.pt\/index.php\/product\/insiders-tome-i-guerilla-tchetchene-bartoll-garreta\/","title":{"rendered":"INSIDERS (Tome I) : GU\u00c9RILLA TCH\u00c9TCH\u00c8NE &#8211; Bartoll, Garreta"},"content":{"rendered":"<p>INSIDERS (Tome I) : GU\u00c9RILLA TCH\u00c9TCH\u00c8NE<br \/>\nBartoll, Garreta<br \/>\nISBN: 2-205-05372-8<br \/>\nExemplar autografado<br \/>\nAno de edi\u00e7\u00e3o: 2003<br \/>\nEditor: Dargaud, Paris<br \/>\nIdioma: Franc\u00eas<br \/>\nDimens\u00f5es: 22.5 x 0.7 x 30 cm<br \/>\nEncaderna\u00e7\u00e3o: Capa dura<br \/>\nP\u00e1ginas: 48<\/p>\n","protected":false},"excerpt":{"rendered":"<p>INSIDERS (Tome I) : GU\u00c9RILLA TCH\u00c9TCH\u00c8NE Bartoll, Garreta ISBN: 2-205-05372-8 Exemplar autografado Ano de edi\u00e7\u00e3o: 2003 Editor: Dargaud, Paris Idioma: Franc\u00eas Dimens\u00f5es: 22.5 x 0.7 x 30 cm Encaderna\u00e7\u00e3o: Capa dura P\u00e1ginas: 48<\/p>\n","protected":false},"featured_media":2214,"comment_status":"open","ping_status":"closed","template":"","meta":{"om_disable_all_campaigns":false,"_monsterinsights_skip_tracking":false,"_monsterinsights_sitenote_active":false,"_monsterinsights_sitenote_note":"","_monsterinsights_sitenote_category":0,"_uf_show_specific_survey":0,"_uf_disable_surveys":false},"product_cat":[35,56],"product_tag":[],"aioseo_notices":[],"jetpack_sharing_enabled":true,"_links":{"self":[{"href":"https:\/\/casadolivreiro.pt\/index.php\/wp-json\/wp\/v2\/product\/2213"}],"collection":[{"href":"https:\/\/casadolivreiro.pt\/index.php\/wp-json\/wp\/v2\/product"}],"about":[{"href":"https:\/\/casadolivreiro.pt\/index.php\/wp-json\/wp\/v2\/types\/product"}],"replies":[{"embeddable":true,"href":"https:\/\/casadolivreiro.pt\/index.php\/wp-json\/wp\/v2\/comments?post=2213"}],"wp:featuredmedia":[{"embeddable":true,"href":"https:\/\/casadolivreiro.pt\/index.php\/wp-json\/wp\/v2\/media\/2214"}],"wp:attachment":[{"href":"https:\/\/casadolivreiro.pt\/index.php\/wp-json\/wp\/v2\/media?parent=2213"}],"wp:term":[{"taxonomy":"product_cat","embeddable":true,"href":"https:\/\/casadolivreiro.pt\/index.php\/wp-json\/wp\/v2\/product_cat?post=2213"},{"taxonomy":"product_tag","embeddable":true,"href":"https:\/\/casadolivreiro.pt\/index.php\/wp-json\/wp\/v2\/product_tag?post=2213"}],"curies":[{"name":"wp","href":"https:\/\/api.w.org\/{rel}","templated":true}]}}