{"id":2207,"date":"2024-04-10T18:48:02","date_gmt":"2024-04-10T18:48:02","guid":{"rendered":"https:\/\/casadolivreiro.pt\/?post_type=product&#038;p=2207"},"modified":"2024-04-10T18:48:02","modified_gmt":"2024-04-10T18:48:02","slug":"memories-of-sand-la-rose-la-clef-le-parapluie-le-petit-cochon-frezzato","status":"publish","type":"product","link":"https:\/\/casadolivreiro.pt\/index.php\/product\/memories-of-sand-la-rose-la-clef-le-parapluie-le-petit-cochon-frezzato\/","title":{"rendered":"MEMORIES OF SAND:  La Rose, la Clef, le Parapluie, le petit Cochon &#8211; Frezzato"},"content":{"rendered":"<p>MEMORIES OF SAND:\u00a0 La Rose, la Clef, le Parapluie, le petit Cochon<br \/>\nFrezzato<br \/>\nISBN: 2-35283-078-8<br \/>\nAno de edi\u00e7\u00e3o: 2012<br \/>\nEditor: Mosquito<br \/>\nIdioma: Franc\u00eas<br \/>\nDimens\u00f5es: 30 x 1.1 x 23 cm<br \/>\nEncaderna\u00e7\u00e3o: Capa dura<br \/>\nP\u00e1ginas: 66<\/p>\n","protected":false},"excerpt":{"rendered":"<p>MEMORIES OF SAND:\u00a0 La Rose, la Clef, le Parapluie, le petit Cochon Frezzato ISBN: 2-35283-078-8 Ano de edi\u00e7\u00e3o: 2012 Editor: Mosquito Idioma: Franc\u00eas Dimens\u00f5es: 30 x 1.1 x 23 cm Encaderna\u00e7\u00e3o: Capa dura P\u00e1ginas: 66<\/p>\n","protected":false},"featured_media":2208,"comment_status":"open","ping_status":"closed","template":"","meta":{"om_disable_all_campaigns":false,"_monsterinsights_skip_tracking":false,"_monsterinsights_sitenote_active":false,"_monsterinsights_sitenote_note":"","_monsterinsights_sitenote_category":0,"_uf_show_specific_survey":0,"_uf_disable_surveys":false},"product_cat":[35,56],"product_tag":[],"aioseo_notices":[],"jetpack_sharing_enabled":true,"_links":{"self":[{"href":"https:\/\/casadolivreiro.pt\/index.php\/wp-json\/wp\/v2\/product\/2207"}],"collection":[{"href":"https:\/\/casadolivreiro.pt\/index.php\/wp-json\/wp\/v2\/product"}],"about":[{"href":"https:\/\/casadolivreiro.pt\/index.php\/wp-json\/wp\/v2\/types\/product"}],"replies":[{"embeddable":true,"href":"https:\/\/casadolivreiro.pt\/index.php\/wp-json\/wp\/v2\/comments?post=2207"}],"wp:featuredmedia":[{"embeddable":true,"href":"https:\/\/casadolivreiro.pt\/index.php\/wp-json\/wp\/v2\/media\/2208"}],"wp:attachment":[{"href":"https:\/\/casadolivreiro.pt\/index.php\/wp-json\/wp\/v2\/media?parent=2207"}],"wp:term":[{"taxonomy":"product_cat","embeddable":true,"href":"https:\/\/casadolivreiro.pt\/index.php\/wp-json\/wp\/v2\/product_cat?post=2207"},{"taxonomy":"product_tag","embeddable":true,"href":"https:\/\/casadolivreiro.pt\/index.php\/wp-json\/wp\/v2\/product_tag?post=2207"}],"curies":[{"name":"wp","href":"https:\/\/api.w.org\/{rel}","templated":true}]}}