{"id":2204,"date":"2024-04-10T18:44:01","date_gmt":"2024-04-10T18:44:01","guid":{"rendered":"https:\/\/casadolivreiro.pt\/?post_type=product&#038;p=2204"},"modified":"2024-04-10T18:44:01","modified_gmt":"2024-04-10T18:44:01","slug":"un-grand-bourgogne-oublie-manu-guillot-herve-richez-boris-guilloteau","status":"publish","type":"product","link":"https:\/\/casadolivreiro.pt\/index.php\/product\/un-grand-bourgogne-oublie-manu-guillot-herve-richez-boris-guilloteau\/","title":{"rendered":"UN GRAND BOURGOGNE OUBLI\u00c9 &#8211; Manu Guillot, Herv\u00e9 Richez, Boris Guilloteau"},"content":{"rendered":"<p>UN GRAND BOURGOGNE OUBLI\u00c9<br \/>\nManu Guillot, Herv\u00e9 Richez, Boris Guilloteau<br \/>\nExemplar autografado<br \/>\nISBN: 978-281-89316-46<br \/>\nAno de edi\u00e7\u00e3o: 2014<br \/>\nEditor: Grand Angle<br \/>\nIdioma: Franc\u00eas<br \/>\nDimens\u00f5es: 22 x 1.4 x 30 cm<br \/>\nEncaderna\u00e7\u00e3o: Capa dura<br \/>\nP\u00e1ginas: 95<\/p>\n","protected":false},"excerpt":{"rendered":"<p>UN GRAND BOURGOGNE OUBLI\u00c9 Manu Guillot, Herv\u00e9 Richez, Boris Guilloteau Exemplar autografado ISBN: 978-281-89316-46 Ano de edi\u00e7\u00e3o: 2014 Editor: Grand Angle Idioma: Franc\u00eas Dimens\u00f5es: 22 x 1.4 x 30 cm Encaderna\u00e7\u00e3o: Capa dura P\u00e1ginas: 95<\/p>\n","protected":false},"featured_media":2205,"comment_status":"open","ping_status":"closed","template":"","meta":{"om_disable_all_campaigns":false,"_monsterinsights_skip_tracking":false,"_monsterinsights_sitenote_active":false,"_monsterinsights_sitenote_note":"","_monsterinsights_sitenote_category":0,"_uf_show_specific_survey":0,"_uf_disable_surveys":false},"product_cat":[35,56],"product_tag":[],"aioseo_notices":[],"jetpack_sharing_enabled":true,"_links":{"self":[{"href":"https:\/\/casadolivreiro.pt\/index.php\/wp-json\/wp\/v2\/product\/2204"}],"collection":[{"href":"https:\/\/casadolivreiro.pt\/index.php\/wp-json\/wp\/v2\/product"}],"about":[{"href":"https:\/\/casadolivreiro.pt\/index.php\/wp-json\/wp\/v2\/types\/product"}],"replies":[{"embeddable":true,"href":"https:\/\/casadolivreiro.pt\/index.php\/wp-json\/wp\/v2\/comments?post=2204"}],"wp:featuredmedia":[{"embeddable":true,"href":"https:\/\/casadolivreiro.pt\/index.php\/wp-json\/wp\/v2\/media\/2205"}],"wp:attachment":[{"href":"https:\/\/casadolivreiro.pt\/index.php\/wp-json\/wp\/v2\/media?parent=2204"}],"wp:term":[{"taxonomy":"product_cat","embeddable":true,"href":"https:\/\/casadolivreiro.pt\/index.php\/wp-json\/wp\/v2\/product_cat?post=2204"},{"taxonomy":"product_tag","embeddable":true,"href":"https:\/\/casadolivreiro.pt\/index.php\/wp-json\/wp\/v2\/product_tag?post=2204"}],"curies":[{"name":"wp","href":"https:\/\/api.w.org\/{rel}","templated":true}]}}