{"id":2202,"date":"2024-04-10T18:39:14","date_gmt":"2024-04-10T18:39:14","guid":{"rendered":"https:\/\/casadolivreiro.pt\/?post_type=product&#038;p=2202"},"modified":"2024-04-10T18:39:15","modified_gmt":"2024-04-10T18:39:15","slug":"le-vrai-chevalier-de-maison-rouge-a-d-j-gonzze-de-rougeville-1761-1814-dapres-des-documents-inedits-par-g-lenotre","status":"publish","type":"product","link":"https:\/\/casadolivreiro.pt\/index.php\/product\/le-vrai-chevalier-de-maison-rouge-a-d-j-gonzze-de-rougeville-1761-1814-dapres-des-documents-inedits-par-g-lenotre\/","title":{"rendered":"LE VRAI CHEVALIER DE MAISON-ROUGE: A.D.J. Gonzze de Rougeville 1761-1814 &#8211; D\u2019apr\u00e8s des documents in\u00e9dits par G. Lenotre"},"content":{"rendered":"<p>LE VRAI CHEVALIER DE MAISON-ROUGE: A.D.J. Gonzze de Rougeville 1761-1814<br \/>\nD\u2019apr\u00e8s des documents in\u00e9dits par G. Lenotre<br \/>\nAno de edi\u00e7\u00e3o: 1925<br \/>\nEditor: Perrin et C.e, Libraires -\u00c9diteurs, Paris<br \/>\nIdioma: Franc\u00eas<br \/>\nDimens\u00f5es: 13 x 2.4 x 20 cm<br \/>\nEncaderna\u00e7\u00e3o: Capa mole<br \/>\nP\u00e1ginas: 327<\/p>\n","protected":false},"excerpt":{"rendered":"<p>LE VRAI CHEVALIER DE MAISON-ROUGE: A.D.J. Gonzze de Rougeville 1761-1814 D\u2019apr\u00e8s des documents in\u00e9dits par G. Lenotre Ano de edi\u00e7\u00e3o: 1925 Editor: Perrin et C.e, Libraires -\u00c9diteurs, Paris Idioma: Franc\u00eas Dimens\u00f5es: 13 x 2.4 x 20 cm Encaderna\u00e7\u00e3o: Capa mole P\u00e1ginas: 327<\/p>\n","protected":false},"featured_media":2203,"comment_status":"open","ping_status":"closed","template":"","meta":{"om_disable_all_campaigns":false,"_monsterinsights_skip_tracking":false,"_monsterinsights_sitenote_active":false,"_monsterinsights_sitenote_note":"","_monsterinsights_sitenote_category":0,"_uf_show_specific_survey":0,"_uf_disable_surveys":false},"product_cat":[31,30,56],"product_tag":[],"aioseo_notices":[],"jetpack_sharing_enabled":true,"_links":{"self":[{"href":"https:\/\/casadolivreiro.pt\/index.php\/wp-json\/wp\/v2\/product\/2202"}],"collection":[{"href":"https:\/\/casadolivreiro.pt\/index.php\/wp-json\/wp\/v2\/product"}],"about":[{"href":"https:\/\/casadolivreiro.pt\/index.php\/wp-json\/wp\/v2\/types\/product"}],"replies":[{"embeddable":true,"href":"https:\/\/casadolivreiro.pt\/index.php\/wp-json\/wp\/v2\/comments?post=2202"}],"wp:featuredmedia":[{"embeddable":true,"href":"https:\/\/casadolivreiro.pt\/index.php\/wp-json\/wp\/v2\/media\/2203"}],"wp:attachment":[{"href":"https:\/\/casadolivreiro.pt\/index.php\/wp-json\/wp\/v2\/media?parent=2202"}],"wp:term":[{"taxonomy":"product_cat","embeddable":true,"href":"https:\/\/casadolivreiro.pt\/index.php\/wp-json\/wp\/v2\/product_cat?post=2202"},{"taxonomy":"product_tag","embeddable":true,"href":"https:\/\/casadolivreiro.pt\/index.php\/wp-json\/wp\/v2\/product_tag?post=2202"}],"curies":[{"name":"wp","href":"https:\/\/api.w.org\/{rel}","templated":true}]}}