{"id":219,"date":"2024-03-06T16:52:14","date_gmt":"2024-03-06T16:52:14","guid":{"rendered":"https:\/\/casadolivreiro.pt\/?post_type=product&#038;p=219"},"modified":"2024-03-06T16:52:14","modified_gmt":"2024-03-06T16:52:14","slug":"moco-bengala-e-cao-poemas-de-adolfo-simoes-muller","status":"publish","type":"product","link":"https:\/\/casadolivreiro.pt\/index.php\/product\/moco-bengala-e-cao-poemas-de-adolfo-simoes-muller\/","title":{"rendered":"MO\u00c7O, BENGALA E C\u00c3O Poemas de Adolfo Sim\u00f5es M\u00fcller"},"content":{"rendered":"<p>MO\u00c7O, BENGALA E C\u00c3O Poemas de Adolfo Sim\u00f5es M\u00fcller<br \/>\nPrimeira edi\u00e7\u00e3o<br \/>\nEditor: Livraria S\u00e1 de Costa, Lisboa<br \/>\nData de Lan\u00e7amento:\u00a0 1971<br \/>\nIdioma:\u00a0 Portugu\u00eas<br \/>\nDimens\u00f5es:\u00a0\u00a0\u00a0\u00a013.1cm x 1.2cm x 21.2cm<br \/>\nEncaderna\u00e7\u00e3o: Capa mole<br \/>\nP\u00e1ginas: 132<\/p>\n<p>&nbsp;<\/p>\n","protected":false},"excerpt":{"rendered":"<p>MO\u00c7O, BENGALA E C\u00c3O Poemas de Adolfo Sim\u00f5es M\u00fcller Primeira edi\u00e7\u00e3o Editor: Livraria S\u00e1 de Costa, Lisboa Data de Lan\u00e7amento:\u00a0 1971 Idioma:\u00a0 Portugu\u00eas Dimens\u00f5es:\u00a0\u00a0\u00a0\u00a013.1cm x 1.2cm x 21.2cm Encaderna\u00e7\u00e3o: Capa mole P\u00e1ginas: 132 &nbsp;<\/p>\n","protected":false},"featured_media":221,"comment_status":"open","ping_status":"closed","template":"","meta":{"om_disable_all_campaigns":false,"_monsterinsights_skip_tracking":false,"_monsterinsights_sitenote_active":false,"_monsterinsights_sitenote_note":"","_monsterinsights_sitenote_category":0,"_uf_show_specific_survey":0,"_uf_disable_surveys":false},"product_cat":[62,27,61],"product_tag":[],"aioseo_notices":[],"jetpack_sharing_enabled":true,"_links":{"self":[{"href":"https:\/\/casadolivreiro.pt\/index.php\/wp-json\/wp\/v2\/product\/219"}],"collection":[{"href":"https:\/\/casadolivreiro.pt\/index.php\/wp-json\/wp\/v2\/product"}],"about":[{"href":"https:\/\/casadolivreiro.pt\/index.php\/wp-json\/wp\/v2\/types\/product"}],"replies":[{"embeddable":true,"href":"https:\/\/casadolivreiro.pt\/index.php\/wp-json\/wp\/v2\/comments?post=219"}],"wp:featuredmedia":[{"embeddable":true,"href":"https:\/\/casadolivreiro.pt\/index.php\/wp-json\/wp\/v2\/media\/221"}],"wp:attachment":[{"href":"https:\/\/casadolivreiro.pt\/index.php\/wp-json\/wp\/v2\/media?parent=219"}],"wp:term":[{"taxonomy":"product_cat","embeddable":true,"href":"https:\/\/casadolivreiro.pt\/index.php\/wp-json\/wp\/v2\/product_cat?post=219"},{"taxonomy":"product_tag","embeddable":true,"href":"https:\/\/casadolivreiro.pt\/index.php\/wp-json\/wp\/v2\/product_tag?post=219"}],"curies":[{"name":"wp","href":"https:\/\/api.w.org\/{rel}","templated":true}]}}