{"id":2181,"date":"2024-04-10T16:56:38","date_gmt":"2024-04-10T16:56:38","guid":{"rendered":"https:\/\/casadolivreiro.pt\/?post_type=product&#038;p=2181"},"modified":"2024-04-10T16:56:38","modified_gmt":"2024-04-10T16:56:38","slug":"laconiques-gilbert-trolliet-autographed-copy","status":"publish","type":"product","link":"https:\/\/casadolivreiro.pt\/index.php\/product\/laconiques-gilbert-trolliet-autographed-copy\/","title":{"rendered":"LACONIQUES &#8211; Gilbert Trolliet ( Autographed copy)"},"content":{"rendered":"<p>LACONIQUES<br \/>\nGilbert Trolliet ( Autographed copy)<br \/>\nAno de edi\u00e7\u00e3o: 1966<br \/>\nEditor: Le Courrier du Livre, Paris<br \/>\nIdioma: Franc\u00eas<br \/>\nDimens\u00f5es: 11 x 1 x 17.5 cm<br \/>\nEncaderna\u00e7\u00e3o: Capa mole<br \/>\nP\u00e1ginas: 132<\/p>\n","protected":false},"excerpt":{"rendered":"<p>LACONIQUES Gilbert Trolliet ( Autographed copy) Ano de edi\u00e7\u00e3o: 1966 Editor: Le Courrier du Livre, Paris Idioma: Franc\u00eas Dimens\u00f5es: 11 x 1 x 17.5 cm Encaderna\u00e7\u00e3o: Capa mole P\u00e1ginas: 132<\/p>\n","protected":false},"featured_media":2182,"comment_status":"open","ping_status":"closed","template":"","meta":{"om_disable_all_campaigns":false,"_monsterinsights_skip_tracking":false,"_monsterinsights_sitenote_active":false,"_monsterinsights_sitenote_note":"","_monsterinsights_sitenote_category":0,"_uf_show_specific_survey":0,"_uf_disable_surveys":false},"product_cat":[56,27],"product_tag":[],"aioseo_notices":[],"jetpack_sharing_enabled":true,"_links":{"self":[{"href":"https:\/\/casadolivreiro.pt\/index.php\/wp-json\/wp\/v2\/product\/2181"}],"collection":[{"href":"https:\/\/casadolivreiro.pt\/index.php\/wp-json\/wp\/v2\/product"}],"about":[{"href":"https:\/\/casadolivreiro.pt\/index.php\/wp-json\/wp\/v2\/types\/product"}],"replies":[{"embeddable":true,"href":"https:\/\/casadolivreiro.pt\/index.php\/wp-json\/wp\/v2\/comments?post=2181"}],"wp:featuredmedia":[{"embeddable":true,"href":"https:\/\/casadolivreiro.pt\/index.php\/wp-json\/wp\/v2\/media\/2182"}],"wp:attachment":[{"href":"https:\/\/casadolivreiro.pt\/index.php\/wp-json\/wp\/v2\/media?parent=2181"}],"wp:term":[{"taxonomy":"product_cat","embeddable":true,"href":"https:\/\/casadolivreiro.pt\/index.php\/wp-json\/wp\/v2\/product_cat?post=2181"},{"taxonomy":"product_tag","embeddable":true,"href":"https:\/\/casadolivreiro.pt\/index.php\/wp-json\/wp\/v2\/product_tag?post=2181"}],"curies":[{"name":"wp","href":"https:\/\/api.w.org\/{rel}","templated":true}]}}