{"id":2179,"date":"2024-04-10T16:52:34","date_gmt":"2024-04-10T16:52:34","guid":{"rendered":"https:\/\/casadolivreiro.pt\/?post_type=product&#038;p=2179"},"modified":"2024-04-10T16:52:34","modified_gmt":"2024-04-10T16:52:34","slug":"pour-la-domination-mondiale-james-burnham","status":"publish","type":"product","link":"https:\/\/casadolivreiro.pt\/index.php\/product\/pour-la-domination-mondiale-james-burnham\/","title":{"rendered":"POUR LA DOMINATION MONDIALE &#8211; James Burnham"},"content":{"rendered":"<p>POUR LA DOMINATION MONDIALE<br \/>\nJames Burnham<br \/>\nColec\u00e7\u00e3o: Libert\u00e9 de l\u2019Esprit<br \/>\nAno de edi\u00e7\u00e3o: 1947<br \/>\nEditor: Calmann-L\u00e9vy \u00c9diteurs, Paris<br \/>\nIdioma: Franc\u00eas<br \/>\nDimens\u00f5es: 12 x 2 x 19 cm<br \/>\nEncaderna\u00e7\u00e3o: Capa mole<br \/>\nP\u00e1ginas: 334<\/p>\n","protected":false},"excerpt":{"rendered":"<p>POUR LA DOMINATION MONDIALE James Burnham Colec\u00e7\u00e3o: Libert\u00e9 de l\u2019Esprit Ano de edi\u00e7\u00e3o: 1947 Editor: Calmann-L\u00e9vy \u00c9diteurs, Paris Idioma: Franc\u00eas Dimens\u00f5es: 12 x 2 x 19 cm Encaderna\u00e7\u00e3o: Capa mole P\u00e1ginas: 334<\/p>\n","protected":false},"featured_media":2180,"comment_status":"open","ping_status":"closed","template":"","meta":{"om_disable_all_campaigns":false,"_monsterinsights_skip_tracking":false,"_monsterinsights_sitenote_active":false,"_monsterinsights_sitenote_note":"","_monsterinsights_sitenote_category":0,"_uf_show_specific_survey":0,"_uf_disable_surveys":false},"product_cat":[31,30,56,51],"product_tag":[],"aioseo_notices":[],"jetpack_sharing_enabled":true,"_links":{"self":[{"href":"https:\/\/casadolivreiro.pt\/index.php\/wp-json\/wp\/v2\/product\/2179"}],"collection":[{"href":"https:\/\/casadolivreiro.pt\/index.php\/wp-json\/wp\/v2\/product"}],"about":[{"href":"https:\/\/casadolivreiro.pt\/index.php\/wp-json\/wp\/v2\/types\/product"}],"replies":[{"embeddable":true,"href":"https:\/\/casadolivreiro.pt\/index.php\/wp-json\/wp\/v2\/comments?post=2179"}],"wp:featuredmedia":[{"embeddable":true,"href":"https:\/\/casadolivreiro.pt\/index.php\/wp-json\/wp\/v2\/media\/2180"}],"wp:attachment":[{"href":"https:\/\/casadolivreiro.pt\/index.php\/wp-json\/wp\/v2\/media?parent=2179"}],"wp:term":[{"taxonomy":"product_cat","embeddable":true,"href":"https:\/\/casadolivreiro.pt\/index.php\/wp-json\/wp\/v2\/product_cat?post=2179"},{"taxonomy":"product_tag","embeddable":true,"href":"https:\/\/casadolivreiro.pt\/index.php\/wp-json\/wp\/v2\/product_tag?post=2179"}],"curies":[{"name":"wp","href":"https:\/\/api.w.org\/{rel}","templated":true}]}}