{"id":2175,"date":"2024-04-10T16:43:33","date_gmt":"2024-04-10T16:43:33","guid":{"rendered":"https:\/\/casadolivreiro.pt\/?post_type=product&#038;p=2175"},"modified":"2024-04-10T16:43:33","modified_gmt":"2024-04-10T16:43:33","slug":"a-lami-que-ne-ma-pas-sauve-la-vie-herve-guibert","status":"publish","type":"product","link":"https:\/\/casadolivreiro.pt\/index.php\/product\/a-lami-que-ne-ma-pas-sauve-la-vie-herve-guibert\/","title":{"rendered":"\u00c0 L\u2019AMI QUE NE M\u2019A PAS SAUV\u00c9 LA VIE &#8211; Herv\u00e9 Guibert"},"content":{"rendered":"<p>\u00c0 L\u2019AMI QUE NE M\u2019A PAS SAUV\u00c9 LA VIE<br \/>\nHerv\u00e9 Guibert<br \/>\nISBN: 2-07-071890-5<br \/>\nAno de edi\u00e7\u00e3o: 1990 (1.a Edi\u00e7\u00e3o)<br \/>\nEditor: Gallimard, Paris<br \/>\nIdioma: Franc\u00eas<br \/>\nDimens\u00f5es: 14 x 2 x 20.5 cm<br \/>\nEncaderna\u00e7\u00e3o: Capa mole<br \/>\nP\u00e1ginas: 266<\/p>\n<p>\u00abJ&#8217;ai eu le sida pendant trois mois. Plus exactement, j&#8217;ai cru pendant trois mois que j&#8217;\u00e9tais condamn\u00e9 par cette maladie mortelle qu&#8217;on appelle le sida. Or je ne me faisais pas d&#8217;id\u00e9es, j&#8217;\u00e9tais r\u00e9ellement atteint, le test qui s&#8217;\u00e9tait av\u00e9r\u00e9 positif en t\u00e9moignait, ainsi que des analyses qui avaient d\u00e9montr\u00e9 que mon sang amor\u00e7ait un processus de faillite. Mais, au bout de trois mois, un hasard extraordinaire me fit croire, et me donna quasiment l&#8217;assurance que je pourrais \u00e9chapper \u00e0 cette maladie que tout le monde donnait&#8230;<\/p>\n","protected":false},"excerpt":{"rendered":"<p>\u00c0 L\u2019AMI QUE NE M\u2019A PAS SAUV\u00c9 LA VIE Herv\u00e9 Guibert ISBN: 2-07-071890-5 Ano de edi\u00e7\u00e3o: 1990 (1.a Edi\u00e7\u00e3o) Editor: Gallimard, Paris Idioma: Franc\u00eas Dimens\u00f5es: 14 x 2 x 20.5 cm Encaderna\u00e7\u00e3o: Capa mole P\u00e1ginas: 266 \u00abJ&#8217;ai eu le sida pendant trois mois. Plus exactement, j&#8217;ai cru pendant trois mois que j&#8217;\u00e9tais condamn\u00e9 par cette [&hellip;]<\/p>\n","protected":false},"featured_media":2176,"comment_status":"open","ping_status":"closed","template":"","meta":{"om_disable_all_campaigns":false,"_monsterinsights_skip_tracking":false,"_monsterinsights_sitenote_active":false,"_monsterinsights_sitenote_note":"","_monsterinsights_sitenote_category":0,"_uf_show_specific_survey":0,"_uf_disable_surveys":false},"product_cat":[56],"product_tag":[],"aioseo_notices":[],"jetpack_sharing_enabled":true,"_links":{"self":[{"href":"https:\/\/casadolivreiro.pt\/index.php\/wp-json\/wp\/v2\/product\/2175"}],"collection":[{"href":"https:\/\/casadolivreiro.pt\/index.php\/wp-json\/wp\/v2\/product"}],"about":[{"href":"https:\/\/casadolivreiro.pt\/index.php\/wp-json\/wp\/v2\/types\/product"}],"replies":[{"embeddable":true,"href":"https:\/\/casadolivreiro.pt\/index.php\/wp-json\/wp\/v2\/comments?post=2175"}],"wp:featuredmedia":[{"embeddable":true,"href":"https:\/\/casadolivreiro.pt\/index.php\/wp-json\/wp\/v2\/media\/2176"}],"wp:attachment":[{"href":"https:\/\/casadolivreiro.pt\/index.php\/wp-json\/wp\/v2\/media?parent=2175"}],"wp:term":[{"taxonomy":"product_cat","embeddable":true,"href":"https:\/\/casadolivreiro.pt\/index.php\/wp-json\/wp\/v2\/product_cat?post=2175"},{"taxonomy":"product_tag","embeddable":true,"href":"https:\/\/casadolivreiro.pt\/index.php\/wp-json\/wp\/v2\/product_tag?post=2175"}],"curies":[{"name":"wp","href":"https:\/\/api.w.org\/{rel}","templated":true}]}}