{"id":2169,"date":"2024-04-10T16:30:05","date_gmt":"2024-04-10T16:30:05","guid":{"rendered":"https:\/\/casadolivreiro.pt\/?post_type=product&#038;p=2169"},"modified":"2024-04-10T16:30:05","modified_gmt":"2024-04-10T16:30:05","slug":"mon-ami-vassia-souvenirs-du-donetz-jean-rounault","status":"publish","type":"product","link":"https:\/\/casadolivreiro.pt\/index.php\/product\/mon-ami-vassia-souvenirs-du-donetz-jean-rounault\/","title":{"rendered":"MON AMI VASSIA: Souvenirs du Donetz &#8211; Jean Rounault"},"content":{"rendered":"<p>MON AMI VASSIA: Souvenirs du Donetz<br \/>\nJean Rounault<br \/>\nPr\u00e9face de Gabriel Marcel<br \/>\nAno de edi\u00e7\u00e3o: 1949<br \/>\nEditor: \u00c9ditions Sulliver, Paris<br \/>\nIdioma: Franc\u00eas<br \/>\nDimens\u00f5es: 13 x 2.2 x 20 cm<br \/>\nEncaderna\u00e7\u00e3o: Capa mole<br \/>\nP\u00e1ginas: 326<\/p>\n","protected":false},"excerpt":{"rendered":"<p>MON AMI VASSIA: Souvenirs du Donetz Jean Rounault Pr\u00e9face de Gabriel Marcel Ano de edi\u00e7\u00e3o: 1949 Editor: \u00c9ditions Sulliver, Paris Idioma: Franc\u00eas Dimens\u00f5es: 13 x 2.2 x 20 cm Encaderna\u00e7\u00e3o: Capa mole P\u00e1ginas: 326<\/p>\n","protected":false},"featured_media":2170,"comment_status":"open","ping_status":"closed","template":"","meta":{"om_disable_all_campaigns":false,"_monsterinsights_skip_tracking":false,"_monsterinsights_sitenote_active":false,"_monsterinsights_sitenote_note":"","_monsterinsights_sitenote_category":0,"_uf_show_specific_survey":0,"_uf_disable_surveys":false},"product_cat":[56],"product_tag":[],"aioseo_notices":[],"jetpack_sharing_enabled":true,"_links":{"self":[{"href":"https:\/\/casadolivreiro.pt\/index.php\/wp-json\/wp\/v2\/product\/2169"}],"collection":[{"href":"https:\/\/casadolivreiro.pt\/index.php\/wp-json\/wp\/v2\/product"}],"about":[{"href":"https:\/\/casadolivreiro.pt\/index.php\/wp-json\/wp\/v2\/types\/product"}],"replies":[{"embeddable":true,"href":"https:\/\/casadolivreiro.pt\/index.php\/wp-json\/wp\/v2\/comments?post=2169"}],"wp:featuredmedia":[{"embeddable":true,"href":"https:\/\/casadolivreiro.pt\/index.php\/wp-json\/wp\/v2\/media\/2170"}],"wp:attachment":[{"href":"https:\/\/casadolivreiro.pt\/index.php\/wp-json\/wp\/v2\/media?parent=2169"}],"wp:term":[{"taxonomy":"product_cat","embeddable":true,"href":"https:\/\/casadolivreiro.pt\/index.php\/wp-json\/wp\/v2\/product_cat?post=2169"},{"taxonomy":"product_tag","embeddable":true,"href":"https:\/\/casadolivreiro.pt\/index.php\/wp-json\/wp\/v2\/product_tag?post=2169"}],"curies":[{"name":"wp","href":"https:\/\/api.w.org\/{rel}","templated":true}]}}