{"id":2167,"date":"2024-04-10T16:24:19","date_gmt":"2024-04-10T16:24:19","guid":{"rendered":"https:\/\/casadolivreiro.pt\/?post_type=product&#038;p=2167"},"modified":"2024-04-10T16:24:19","modified_gmt":"2024-04-10T16:24:19","slug":"histoire-economique-de-lu-r-s-s-serge-n-prokopovicz","status":"publish","type":"product","link":"https:\/\/casadolivreiro.pt\/index.php\/product\/histoire-economique-de-lu-r-s-s-serge-n-prokopovicz\/","title":{"rendered":"HISTOIRE \u00c9CONOMIQUE DE L\u2019U.R.S.S. &#8211; Serge N. Prokopovicz"},"content":{"rendered":"<p>HISTOIRE \u00c9CONOMIQUE DE L\u2019U.R.S.S.<br \/>\nSerge N. Prokopovicz<br \/>\nTraduit par Marcel Body<br \/>\nAno de edi\u00e7\u00e3o: 1952<br \/>\nEditor: Au Portulan Chez Flammarion<br \/>\nIdioma: Franc\u00eas<br \/>\nDimens\u00f5es: 14 x 3.7 x 23 cm<br \/>\nEncaderna\u00e7\u00e3o: Capa mole<br \/>\nP\u00e1ginas: 627<\/p>\n","protected":false},"excerpt":{"rendered":"<p>HISTOIRE \u00c9CONOMIQUE DE L\u2019U.R.S.S. Serge N. Prokopovicz Traduit par Marcel Body Ano de edi\u00e7\u00e3o: 1952 Editor: Au Portulan Chez Flammarion Idioma: Franc\u00eas Dimens\u00f5es: 14 x 3.7 x 23 cm Encaderna\u00e7\u00e3o: Capa mole P\u00e1ginas: 627<\/p>\n","protected":false},"featured_media":2168,"comment_status":"open","ping_status":"closed","template":"","meta":{"om_disable_all_campaigns":false,"_monsterinsights_skip_tracking":false,"_monsterinsights_sitenote_active":false,"_monsterinsights_sitenote_note":"","_monsterinsights_sitenote_category":0,"_uf_show_specific_survey":0,"_uf_disable_surveys":false},"product_cat":[31,41,30,56],"product_tag":[],"aioseo_notices":[],"jetpack_sharing_enabled":true,"_links":{"self":[{"href":"https:\/\/casadolivreiro.pt\/index.php\/wp-json\/wp\/v2\/product\/2167"}],"collection":[{"href":"https:\/\/casadolivreiro.pt\/index.php\/wp-json\/wp\/v2\/product"}],"about":[{"href":"https:\/\/casadolivreiro.pt\/index.php\/wp-json\/wp\/v2\/types\/product"}],"replies":[{"embeddable":true,"href":"https:\/\/casadolivreiro.pt\/index.php\/wp-json\/wp\/v2\/comments?post=2167"}],"wp:featuredmedia":[{"embeddable":true,"href":"https:\/\/casadolivreiro.pt\/index.php\/wp-json\/wp\/v2\/media\/2168"}],"wp:attachment":[{"href":"https:\/\/casadolivreiro.pt\/index.php\/wp-json\/wp\/v2\/media?parent=2167"}],"wp:term":[{"taxonomy":"product_cat","embeddable":true,"href":"https:\/\/casadolivreiro.pt\/index.php\/wp-json\/wp\/v2\/product_cat?post=2167"},{"taxonomy":"product_tag","embeddable":true,"href":"https:\/\/casadolivreiro.pt\/index.php\/wp-json\/wp\/v2\/product_tag?post=2167"}],"curies":[{"name":"wp","href":"https:\/\/api.w.org\/{rel}","templated":true}]}}