{"id":2163,"date":"2024-04-10T16:14:30","date_gmt":"2024-04-10T16:14:30","guid":{"rendered":"https:\/\/casadolivreiro.pt\/?post_type=product&#038;p=2163"},"modified":"2024-04-10T16:14:30","modified_gmt":"2024-04-10T16:14:30","slug":"la-conduite-de-la-guerre-de-1789-a-nos-jours-j-f-c-fuller","status":"publish","type":"product","link":"https:\/\/casadolivreiro.pt\/index.php\/product\/la-conduite-de-la-guerre-de-1789-a-nos-jours-j-f-c-fuller\/","title":{"rendered":"LA CONDUITE DE LA GUERRE de 1789 \u00e0 nos  jours &#8211; J.F.C. Fuller"},"content":{"rendered":"<p>LA CONDUITE DE LA GUERRE de 1789 \u00e0 nos\u00a0 jours<br \/>\nJ.F.C. Fuller<br \/>\nCollection de m\u00e9moires, \u00e9tudes et documents pour servir a l\u2019histoire de la guerre<br \/>\nAno de edi\u00e7\u00e3o: 1963<br \/>\nEditor: Payot, Paris<br \/>\nIdioma: Franc\u00eas<br \/>\nDimens\u00f5es: 14 x 2.5 x 22.5 cm<br \/>\nEncaderna\u00e7\u00e3o: Capa mole<br \/>\nP\u00e1ginas: 321<\/p>\n","protected":false},"excerpt":{"rendered":"<p>LA CONDUITE DE LA GUERRE de 1789 \u00e0 nos\u00a0 jours J.F.C. Fuller Collection de m\u00e9moires, \u00e9tudes et documents pour servir a l\u2019histoire de la guerre Ano de edi\u00e7\u00e3o: 1963 Editor: Payot, Paris Idioma: Franc\u00eas Dimens\u00f5es: 14 x 2.5 x 22.5 cm Encaderna\u00e7\u00e3o: Capa mole P\u00e1ginas: 321<\/p>\n","protected":false},"featured_media":2164,"comment_status":"open","ping_status":"closed","template":"","meta":{"om_disable_all_campaigns":false,"_monsterinsights_skip_tracking":false,"_monsterinsights_sitenote_active":false,"_monsterinsights_sitenote_note":"","_monsterinsights_sitenote_category":0,"_uf_show_specific_survey":0,"_uf_disable_surveys":false},"product_cat":[31,30,56,51],"product_tag":[],"aioseo_notices":[],"jetpack_sharing_enabled":true,"_links":{"self":[{"href":"https:\/\/casadolivreiro.pt\/index.php\/wp-json\/wp\/v2\/product\/2163"}],"collection":[{"href":"https:\/\/casadolivreiro.pt\/index.php\/wp-json\/wp\/v2\/product"}],"about":[{"href":"https:\/\/casadolivreiro.pt\/index.php\/wp-json\/wp\/v2\/types\/product"}],"replies":[{"embeddable":true,"href":"https:\/\/casadolivreiro.pt\/index.php\/wp-json\/wp\/v2\/comments?post=2163"}],"wp:featuredmedia":[{"embeddable":true,"href":"https:\/\/casadolivreiro.pt\/index.php\/wp-json\/wp\/v2\/media\/2164"}],"wp:attachment":[{"href":"https:\/\/casadolivreiro.pt\/index.php\/wp-json\/wp\/v2\/media?parent=2163"}],"wp:term":[{"taxonomy":"product_cat","embeddable":true,"href":"https:\/\/casadolivreiro.pt\/index.php\/wp-json\/wp\/v2\/product_cat?post=2163"},{"taxonomy":"product_tag","embeddable":true,"href":"https:\/\/casadolivreiro.pt\/index.php\/wp-json\/wp\/v2\/product_tag?post=2163"}],"curies":[{"name":"wp","href":"https:\/\/api.w.org\/{rel}","templated":true}]}}