{"id":2161,"date":"2024-04-10T16:08:59","date_gmt":"2024-04-10T16:08:59","guid":{"rendered":"https:\/\/casadolivreiro.pt\/?post_type=product&#038;p=2161"},"modified":"2024-04-10T16:08:59","modified_gmt":"2024-04-10T16:08:59","slug":"les-rivalites-atomiques-1939-1966-bertrand-goldschmidt","status":"publish","type":"product","link":"https:\/\/casadolivreiro.pt\/index.php\/product\/les-rivalites-atomiques-1939-1966-bertrand-goldschmidt\/","title":{"rendered":"LES RIVALIT\u00c9S ATOMIQUES 1939-1966 &#8211; Bertrand Goldschmidt"},"content":{"rendered":"<p>LES RIVALIT\u00c9S ATOMIQUES 1939-1966<br \/>\nBertrand Goldschmidt<br \/>\nColec\u00e7\u00e3o: Les Grandes \u00c9dudes Contemporaines<br \/>\nAno de edi\u00e7\u00e3o: 1967<br \/>\nEditor: Fayard, Paris<br \/>\nIdioma: Franc\u00eas<br \/>\nDimens\u00f5es: 13.5 x 2.5 x 21.5 cm<br \/>\nEncaderna\u00e7\u00e3o: Capa mole<br \/>\nP\u00e1ginas: 340<\/p>\n","protected":false},"excerpt":{"rendered":"<p>LES RIVALIT\u00c9S ATOMIQUES 1939-1966 Bertrand Goldschmidt Colec\u00e7\u00e3o: Les Grandes \u00c9dudes Contemporaines Ano de edi\u00e7\u00e3o: 1967 Editor: Fayard, Paris Idioma: Franc\u00eas Dimens\u00f5es: 13.5 x 2.5 x 21.5 cm Encaderna\u00e7\u00e3o: Capa mole P\u00e1ginas: 340<\/p>\n","protected":false},"featured_media":2162,"comment_status":"open","ping_status":"closed","template":"","meta":{"om_disable_all_campaigns":false,"_monsterinsights_skip_tracking":false,"_monsterinsights_sitenote_active":false,"_monsterinsights_sitenote_note":"","_monsterinsights_sitenote_category":0,"_uf_show_specific_survey":0,"_uf_disable_surveys":false},"product_cat":[31,30,56],"product_tag":[],"aioseo_notices":[],"jetpack_sharing_enabled":true,"_links":{"self":[{"href":"https:\/\/casadolivreiro.pt\/index.php\/wp-json\/wp\/v2\/product\/2161"}],"collection":[{"href":"https:\/\/casadolivreiro.pt\/index.php\/wp-json\/wp\/v2\/product"}],"about":[{"href":"https:\/\/casadolivreiro.pt\/index.php\/wp-json\/wp\/v2\/types\/product"}],"replies":[{"embeddable":true,"href":"https:\/\/casadolivreiro.pt\/index.php\/wp-json\/wp\/v2\/comments?post=2161"}],"wp:featuredmedia":[{"embeddable":true,"href":"https:\/\/casadolivreiro.pt\/index.php\/wp-json\/wp\/v2\/media\/2162"}],"wp:attachment":[{"href":"https:\/\/casadolivreiro.pt\/index.php\/wp-json\/wp\/v2\/media?parent=2161"}],"wp:term":[{"taxonomy":"product_cat","embeddable":true,"href":"https:\/\/casadolivreiro.pt\/index.php\/wp-json\/wp\/v2\/product_cat?post=2161"},{"taxonomy":"product_tag","embeddable":true,"href":"https:\/\/casadolivreiro.pt\/index.php\/wp-json\/wp\/v2\/product_tag?post=2161"}],"curies":[{"name":"wp","href":"https:\/\/api.w.org\/{rel}","templated":true}]}}