{"id":2159,"date":"2024-04-10T16:05:31","date_gmt":"2024-04-10T16:05:31","guid":{"rendered":"https:\/\/casadolivreiro.pt\/?post_type=product&#038;p=2159"},"modified":"2024-04-10T16:05:31","modified_gmt":"2024-04-10T16:05:31","slug":"o-rei-dos-reis-philip-yordan","status":"publish","type":"product","link":"https:\/\/casadolivreiro.pt\/index.php\/product\/o-rei-dos-reis-philip-yordan\/","title":{"rendered":"O REI DOS REIS &#8211; Philip Yordan"},"content":{"rendered":"<p>O REI DOS REIS<br \/>\nPhilip Yordan<br \/>\nTradu\u00e7\u00e3o de Jos\u00e9 Camacho<br \/>\nColec\u00e7\u00e3o\u00a0 CINEMA No.2<br \/>\nAno de edi\u00e7\u00e3o: 1962 (Primeira Edi\u00e7\u00e3o)<br \/>\nEditor: Portug\u00e1lia Editora, Lisboa<br \/>\nIdioma: Portugu\u00eas<br \/>\nDimens\u00f5es: 15 x 2 x 21.5 cm<br \/>\nEncaderna\u00e7\u00e3o: Capa mole<br \/>\nP\u00e1ginas: 220<\/p>\n","protected":false},"excerpt":{"rendered":"<p>O REI DOS REIS Philip Yordan Tradu\u00e7\u00e3o de Jos\u00e9 Camacho Colec\u00e7\u00e3o\u00a0 CINEMA No.2 Ano de edi\u00e7\u00e3o: 1962 (Primeira Edi\u00e7\u00e3o) Editor: Portug\u00e1lia Editora, Lisboa Idioma: Portugu\u00eas Dimens\u00f5es: 15 x 2 x 21.5 cm Encaderna\u00e7\u00e3o: Capa mole P\u00e1ginas: 220<\/p>\n","protected":false},"featured_media":2160,"comment_status":"open","ping_status":"closed","template":"","meta":{"om_disable_all_campaigns":false,"_monsterinsights_skip_tracking":false,"_monsterinsights_sitenote_active":false,"_monsterinsights_sitenote_note":"","_monsterinsights_sitenote_category":0,"_uf_show_specific_survey":0,"_uf_disable_surveys":false},"product_cat":[33,26,61,38],"product_tag":[],"aioseo_notices":[],"jetpack_sharing_enabled":true,"_links":{"self":[{"href":"https:\/\/casadolivreiro.pt\/index.php\/wp-json\/wp\/v2\/product\/2159"}],"collection":[{"href":"https:\/\/casadolivreiro.pt\/index.php\/wp-json\/wp\/v2\/product"}],"about":[{"href":"https:\/\/casadolivreiro.pt\/index.php\/wp-json\/wp\/v2\/types\/product"}],"replies":[{"embeddable":true,"href":"https:\/\/casadolivreiro.pt\/index.php\/wp-json\/wp\/v2\/comments?post=2159"}],"wp:featuredmedia":[{"embeddable":true,"href":"https:\/\/casadolivreiro.pt\/index.php\/wp-json\/wp\/v2\/media\/2160"}],"wp:attachment":[{"href":"https:\/\/casadolivreiro.pt\/index.php\/wp-json\/wp\/v2\/media?parent=2159"}],"wp:term":[{"taxonomy":"product_cat","embeddable":true,"href":"https:\/\/casadolivreiro.pt\/index.php\/wp-json\/wp\/v2\/product_cat?post=2159"},{"taxonomy":"product_tag","embeddable":true,"href":"https:\/\/casadolivreiro.pt\/index.php\/wp-json\/wp\/v2\/product_tag?post=2159"}],"curies":[{"name":"wp","href":"https:\/\/api.w.org\/{rel}","templated":true}]}}