{"id":2136,"date":"2024-04-10T15:45:38","date_gmt":"2024-04-10T15:45:38","guid":{"rendered":"https:\/\/casadolivreiro.pt\/?post_type=product&#038;p=2136"},"modified":"2026-02-18T11:23:08","modified_gmt":"2026-02-18T11:23:08","slug":"coleccao-disney-15-volumes","status":"publish","type":"product","link":"https:\/\/casadolivreiro.pt\/index.php\/product\/coleccao-disney-15-volumes\/","title":{"rendered":"COLEC\u00c7\u00c3O DISNEY (15 Volumes)"},"content":{"rendered":"<p>COLEC\u00c7\u00c3O DISNEY (15 Volumes)<br \/>\nAno de edi\u00e7\u00e3o:<br \/>\nEditor: Ediclube Coleccion\u00e1veis \u2013 Publica\u00e7\u00f5es Peri\u00f3dicas, Lda., Amadora<br \/>\nIdioma: Portugu\u00eas<br \/>\nDimens\u00f5es: 18 x o.8 x 24 cm<br \/>\nEncaderna\u00e7\u00e3o: Capa dura<br \/>\nP\u00e1ginas: 32 cada livro<\/p>\n<p>MARY POPPINS<br \/>\nA BELA E O MONSTRO<br \/>\nBASIL O GRANDE MESTRE DOS DETECTIVES<br \/>\nPIN\u00d3QUIO<br \/>\nO LIVRO DA SELVA<br \/>\nCAN\u00c7\u00c3O DE NATAL<br \/>\nMICKEY E O FEIJ\u00c3O M\u00c1GICO<br \/>\nO PRINCIPE E O POBRE<br \/>\nALICE NO PA\u00cdS DAS FADAS<br \/>\nOS 101 D\u00c1LMATAS<br \/>\nAS AVENTURAS DE BERNARDO E BIANCA<br \/>\nALADDIN<br \/>\nOS TR\u00caS PORQUINHOS<br \/>\nA DAMA E O VAGABUNDO<br \/>\nCINDERELA<\/p>\n<p>&nbsp;<\/p>\n","protected":false},"excerpt":{"rendered":"<p>COLEC\u00c7\u00c3O DISNEY (15 Volumes) Ano de edi\u00e7\u00e3o: Editor: Ediclube Coleccion\u00e1veis \u2013 Publica\u00e7\u00f5es Peri\u00f3dicas, Lda., Amadora Idioma: Portugu\u00eas Dimens\u00f5es: 18 x o.8 x 24 cm Encaderna\u00e7\u00e3o: Capa dura P\u00e1ginas: 32 cada livro MARY POPPINS A BELA E O MONSTRO BASIL O GRANDE MESTRE DOS DETECTIVES PIN\u00d3QUIO O LIVRO DA SELVA CAN\u00c7\u00c3O DE NATAL MICKEY E O [&hellip;]<\/p>\n","protected":false},"featured_media":2152,"comment_status":"open","ping_status":"closed","template":"","meta":{"om_disable_all_campaigns":false,"_monsterinsights_skip_tracking":false,"_monsterinsights_sitenote_active":false,"_monsterinsights_sitenote_note":"","_monsterinsights_sitenote_category":0,"_uf_show_specific_survey":0,"_uf_disable_surveys":false},"product_cat":[34],"product_tag":[],"aioseo_notices":[],"jetpack_sharing_enabled":true,"_links":{"self":[{"href":"https:\/\/casadolivreiro.pt\/index.php\/wp-json\/wp\/v2\/product\/2136"}],"collection":[{"href":"https:\/\/casadolivreiro.pt\/index.php\/wp-json\/wp\/v2\/product"}],"about":[{"href":"https:\/\/casadolivreiro.pt\/index.php\/wp-json\/wp\/v2\/types\/product"}],"replies":[{"embeddable":true,"href":"https:\/\/casadolivreiro.pt\/index.php\/wp-json\/wp\/v2\/comments?post=2136"}],"wp:featuredmedia":[{"embeddable":true,"href":"https:\/\/casadolivreiro.pt\/index.php\/wp-json\/wp\/v2\/media\/2152"}],"wp:attachment":[{"href":"https:\/\/casadolivreiro.pt\/index.php\/wp-json\/wp\/v2\/media?parent=2136"}],"wp:term":[{"taxonomy":"product_cat","embeddable":true,"href":"https:\/\/casadolivreiro.pt\/index.php\/wp-json\/wp\/v2\/product_cat?post=2136"},{"taxonomy":"product_tag","embeddable":true,"href":"https:\/\/casadolivreiro.pt\/index.php\/wp-json\/wp\/v2\/product_tag?post=2136"}],"curies":[{"name":"wp","href":"https:\/\/api.w.org\/{rel}","templated":true}]}}