{"id":2107,"date":"2024-04-10T15:13:28","date_gmt":"2024-04-10T15:13:28","guid":{"rendered":"https:\/\/casadolivreiro.pt\/?post_type=product&#038;p=2107"},"modified":"2024-04-10T15:13:28","modified_gmt":"2024-04-10T15:13:28","slug":"coleccao-as-aventuras-dos-4-gemeos-laura-lee-hope-4-volumes","status":"publish","type":"product","link":"https:\/\/casadolivreiro.pt\/index.php\/product\/coleccao-as-aventuras-dos-4-gemeos-laura-lee-hope-4-volumes\/","title":{"rendered":"Colec\u00e7\u00e3o AS AVENTURAS DOS 4 G\u00c9MEOS \u2013 Laura Lee Hope (4 Volumes)"},"content":{"rendered":"<p>Colec\u00e7\u00e3o AS AVENTURAS DOS 4 G\u00c9MEOS \u2013 Laura Lee Hope (4 Volumes)<br \/>\nAno de edi\u00e7\u00e3o: 1984<br \/>\nEditor: Editorial Verbo, Lisboa<br \/>\nIdioma: Portugu\u00eas<br \/>\nDimens\u00f5es: 14 x 1.2 x 21 cm<br \/>\nEncaderna\u00e7\u00e3o: Capa mole<br \/>\nP\u00e1ginas: v\u00e1rios<\/p>\n<p>No.2 \u2013 F\u00c9RIAS NA QUINTA &#8211; Laura Lee Hope,\u00a0 Tradu\u00e7\u00e3o: Ana Maria Lemos Vacas, 141 p\u00e1gs.<br \/>\nNo.3 \u2013 SEGREDO NA PRAIA &#8211; Laura Lee Hope,\u00a0 Tradu\u00e7\u00e3o: Maria da Concei\u00e7\u00e3o Ribeiro da Costa, 143 p\u00e1gs.<br \/>\nNo.4 \u2013 MIST\u00c9RIO NA ESCOLA &#8211; Laura Lee Hope,\u00a0 Tradu\u00e7\u00e3o: Ricardo Alberty, 146 p\u00e1gs.<br \/>\nNo.5 \u2013 O DINHEIRO DO PAI NATAL &#8211; Laura Lee Hope,\u00a0 Tradu\u00e7\u00e3o: Ricardo Alberty, 143 p\u00e1gs.<\/p>\n","protected":false},"excerpt":{"rendered":"<p>Colec\u00e7\u00e3o AS AVENTURAS DOS 4 G\u00c9MEOS \u2013 Laura Lee Hope (4 Volumes) Ano de edi\u00e7\u00e3o: 1984 Editor: Editorial Verbo, Lisboa Idioma: Portugu\u00eas Dimens\u00f5es: 14 x 1.2 x 21 cm Encaderna\u00e7\u00e3o: Capa mole P\u00e1ginas: v\u00e1rios No.2 \u2013 F\u00c9RIAS NA QUINTA &#8211; Laura Lee Hope,\u00a0 Tradu\u00e7\u00e3o: Ana Maria Lemos Vacas, 141 p\u00e1gs. No.3 \u2013 SEGREDO NA PRAIA [&hellip;]<\/p>\n","protected":false},"featured_media":2112,"comment_status":"open","ping_status":"closed","template":"","meta":{"om_disable_all_campaigns":false,"_monsterinsights_skip_tracking":false,"_monsterinsights_sitenote_active":false,"_monsterinsights_sitenote_note":"","_monsterinsights_sitenote_category":0,"_uf_show_specific_survey":0,"_uf_disable_surveys":false},"product_cat":[34],"product_tag":[],"aioseo_notices":[],"jetpack_sharing_enabled":true,"_links":{"self":[{"href":"https:\/\/casadolivreiro.pt\/index.php\/wp-json\/wp\/v2\/product\/2107"}],"collection":[{"href":"https:\/\/casadolivreiro.pt\/index.php\/wp-json\/wp\/v2\/product"}],"about":[{"href":"https:\/\/casadolivreiro.pt\/index.php\/wp-json\/wp\/v2\/types\/product"}],"replies":[{"embeddable":true,"href":"https:\/\/casadolivreiro.pt\/index.php\/wp-json\/wp\/v2\/comments?post=2107"}],"wp:featuredmedia":[{"embeddable":true,"href":"https:\/\/casadolivreiro.pt\/index.php\/wp-json\/wp\/v2\/media\/2112"}],"wp:attachment":[{"href":"https:\/\/casadolivreiro.pt\/index.php\/wp-json\/wp\/v2\/media?parent=2107"}],"wp:term":[{"taxonomy":"product_cat","embeddable":true,"href":"https:\/\/casadolivreiro.pt\/index.php\/wp-json\/wp\/v2\/product_cat?post=2107"},{"taxonomy":"product_tag","embeddable":true,"href":"https:\/\/casadolivreiro.pt\/index.php\/wp-json\/wp\/v2\/product_tag?post=2107"}],"curies":[{"name":"wp","href":"https:\/\/api.w.org\/{rel}","templated":true}]}}