{"id":2101,"date":"2024-04-10T15:07:46","date_gmt":"2024-04-10T15:07:46","guid":{"rendered":"https:\/\/casadolivreiro.pt\/?post_type=product&#038;p=2101"},"modified":"2024-04-10T15:07:46","modified_gmt":"2024-04-10T15:07:46","slug":"coleccao-os-cinco-enid-blyton-4-volumes","status":"publish","type":"product","link":"https:\/\/casadolivreiro.pt\/index.php\/product\/coleccao-os-cinco-enid-blyton-4-volumes\/","title":{"rendered":"COLEC\u00c7\u00c3O OS CINCO &#8211; Enid Blyton (4 Volumes)"},"content":{"rendered":"<p>COLEC\u00c7\u00c3O OS CINCO<br \/>\nEnid Blyton (4 Volumes)<br \/>\nAno de edi\u00e7\u00e3o: 1977, 1986, 1994<br \/>\nEditor: Empresa Nacional de Publicidade, Editorial Not\u00edcias<br \/>\nIdioma: Portugu\u00eas<br \/>\nDimens\u00f5es: 10.3 x 1 x 16.3 cm<br \/>\nEncaderna\u00e7\u00e3o: Capa mole<br \/>\nP\u00e1ginas: v\u00e1rios<\/p>\n<p>3,00 cada livro<\/p>\n<p>No.1 \u2013 OS CINCO NA ILHA DO TESOURO \u2013 Enid Blyton, tradu\u00e7\u00e3o:\u00a0 Maria da Gra\u00e7a Moctezuma, 191 p\u00e1gs.<br \/>\nNo.2 \u2013 NOVA AVENTURA DE OS CINCO &#8211; Enid Blyton, tradu\u00e7\u00e3o:\u00a0 Maria da Gra\u00e7a Moctezuma, 196 p\u00e1gs.<br \/>\nNo.9 \u2013 OS CINCO E A CIGANITA &#8211; Enid Blyton, tradu\u00e7\u00e3o:\u00a0 Maria da Gra\u00e7a Moctezuma, 227 p\u00e1gs.<br \/>\nNo.11 \u2013 OS CINCO NO CASTELO DA BELA-VISTA &#8211; Enid Blyton, tradu\u00e7\u00e3o:\u00a0 Maria da Gra\u00e7a Moctezuma, 233 p\u00e1gs.<\/p>\n<p>&nbsp;<\/p>\n","protected":false},"excerpt":{"rendered":"<p>COLEC\u00c7\u00c3O OS CINCO Enid Blyton (4 Volumes) Ano de edi\u00e7\u00e3o: 1977, 1986, 1994 Editor: Empresa Nacional de Publicidade, Editorial Not\u00edcias Idioma: Portugu\u00eas Dimens\u00f5es: 10.3 x 1 x 16.3 cm Encaderna\u00e7\u00e3o: Capa mole P\u00e1ginas: v\u00e1rios 3,00 cada livro No.1 \u2013 OS CINCO NA ILHA DO TESOURO \u2013 Enid Blyton, tradu\u00e7\u00e3o:\u00a0 Maria da Gra\u00e7a Moctezuma, 191 p\u00e1gs. [&hellip;]<\/p>\n","protected":false},"featured_media":2106,"comment_status":"open","ping_status":"closed","template":"","meta":{"om_disable_all_campaigns":false,"_monsterinsights_skip_tracking":false,"_monsterinsights_sitenote_active":false,"_monsterinsights_sitenote_note":"","_monsterinsights_sitenote_category":0,"_uf_show_specific_survey":0,"_uf_disable_surveys":false},"product_cat":[34],"product_tag":[],"aioseo_notices":[],"jetpack_sharing_enabled":true,"_links":{"self":[{"href":"https:\/\/casadolivreiro.pt\/index.php\/wp-json\/wp\/v2\/product\/2101"}],"collection":[{"href":"https:\/\/casadolivreiro.pt\/index.php\/wp-json\/wp\/v2\/product"}],"about":[{"href":"https:\/\/casadolivreiro.pt\/index.php\/wp-json\/wp\/v2\/types\/product"}],"replies":[{"embeddable":true,"href":"https:\/\/casadolivreiro.pt\/index.php\/wp-json\/wp\/v2\/comments?post=2101"}],"wp:featuredmedia":[{"embeddable":true,"href":"https:\/\/casadolivreiro.pt\/index.php\/wp-json\/wp\/v2\/media\/2106"}],"wp:attachment":[{"href":"https:\/\/casadolivreiro.pt\/index.php\/wp-json\/wp\/v2\/media?parent=2101"}],"wp:term":[{"taxonomy":"product_cat","embeddable":true,"href":"https:\/\/casadolivreiro.pt\/index.php\/wp-json\/wp\/v2\/product_cat?post=2101"},{"taxonomy":"product_tag","embeddable":true,"href":"https:\/\/casadolivreiro.pt\/index.php\/wp-json\/wp\/v2\/product_tag?post=2101"}],"curies":[{"name":"wp","href":"https:\/\/api.w.org\/{rel}","templated":true}]}}