{"id":2093,"date":"2024-04-10T15:01:28","date_gmt":"2024-04-10T15:01:28","guid":{"rendered":"https:\/\/casadolivreiro.pt\/?post_type=product&#038;p=2093"},"modified":"2024-04-10T15:01:28","modified_gmt":"2024-04-10T15:01:28","slug":"coleccao-misterio-e-aventura-os-cinco-enid-blyton-6-volumes","status":"publish","type":"product","link":"https:\/\/casadolivreiro.pt\/index.php\/product\/coleccao-misterio-e-aventura-os-cinco-enid-blyton-6-volumes\/","title":{"rendered":"COLEC\u00c7\u00c3O Mist\u00e9rio e Aventura &#8211; OS CINCO Enid Blyton (6 Volumes)"},"content":{"rendered":"<p>COLEC\u00c7\u00c3O Mist\u00e9rio e Aventura &#8211; OS CINCO Enid Blyton (6 Volumes)<br \/>\nAno de edi\u00e7\u00e3o: 2000<br \/>\nEditor: Abril \/ Controljornal Editora, Lda.<br \/>\nIdioma: Portugu\u00eas<br \/>\nDimens\u00f5es: 12 x 1 x 18 cm<br \/>\nEncaderna\u00e7\u00e3o: Capa mole<br \/>\nP\u00e1ginas: v\u00e1rios<\/p>\n<p>3,00 cada livro<\/p>\n<p>No.1 \u2013 OS CINCO NA ILHA DO TESOURO \u2013 Enid Blyton, tradu\u00e7\u00e3o:\u00a0 Luis Serr\u00e3o, 144 p\u00e1gs.<br \/>\nNo.6 \u2013 OS CINCO E OS ESPI\u00d5ES &#8211; Enid Blyton, tradu\u00e7\u00e3o: A. Rodrigues, 141 p\u00e1gs.<br \/>\nNo.12 \u2013 OS CINCO E A LUZ DESTRUIDORA &#8211; Enid Blyton, tradu\u00e7\u00e3o: Catarina Vicente, 141 p\u00e1gs.<br \/>\nNo.13 \u2013 OS CINCO E O P\u00c2NTANO MISTERIOSO &#8211; Enid Blyton, tradu\u00e7\u00e3o: Ana Rodrigues, 157 p\u00e1gs.<br \/>\nNo.17 \u2013 OS CINCO E O MIST\u00c9RIO NA NEVE &#8211; Enid Blyton, tradu\u00e7\u00e3o: Jorge Pinheiro, 159 p\u00e1gs.<br \/>\nNo.19 \u2013 OS CINCO NOS ROCHEDOS DO DEM\u00d3NIO &#8211; Enid Blyton, tradu\u00e7\u00e3o: Jorge Pinheiro, 160 p\u00e1gs.<\/p>\n","protected":false},"excerpt":{"rendered":"<p>COLEC\u00c7\u00c3O Mist\u00e9rio e Aventura &#8211; OS CINCO Enid Blyton (6 Volumes) Ano de edi\u00e7\u00e3o: 2000 Editor: Abril \/ Controljornal Editora, Lda. Idioma: Portugu\u00eas Dimens\u00f5es: 12 x 1 x 18 cm Encaderna\u00e7\u00e3o: Capa mole P\u00e1ginas: v\u00e1rios 3,00 cada livro No.1 \u2013 OS CINCO NA ILHA DO TESOURO \u2013 Enid Blyton, tradu\u00e7\u00e3o:\u00a0 Luis Serr\u00e3o, 144 p\u00e1gs. No.6 [&hellip;]<\/p>\n","protected":false},"featured_media":2100,"comment_status":"open","ping_status":"closed","template":"","meta":{"om_disable_all_campaigns":false,"_monsterinsights_skip_tracking":false,"_monsterinsights_sitenote_active":false,"_monsterinsights_sitenote_note":"","_monsterinsights_sitenote_category":0,"_uf_show_specific_survey":0,"_uf_disable_surveys":false},"product_cat":[34],"product_tag":[],"aioseo_notices":[],"jetpack_sharing_enabled":true,"_links":{"self":[{"href":"https:\/\/casadolivreiro.pt\/index.php\/wp-json\/wp\/v2\/product\/2093"}],"collection":[{"href":"https:\/\/casadolivreiro.pt\/index.php\/wp-json\/wp\/v2\/product"}],"about":[{"href":"https:\/\/casadolivreiro.pt\/index.php\/wp-json\/wp\/v2\/types\/product"}],"replies":[{"embeddable":true,"href":"https:\/\/casadolivreiro.pt\/index.php\/wp-json\/wp\/v2\/comments?post=2093"}],"wp:featuredmedia":[{"embeddable":true,"href":"https:\/\/casadolivreiro.pt\/index.php\/wp-json\/wp\/v2\/media\/2100"}],"wp:attachment":[{"href":"https:\/\/casadolivreiro.pt\/index.php\/wp-json\/wp\/v2\/media?parent=2093"}],"wp:term":[{"taxonomy":"product_cat","embeddable":true,"href":"https:\/\/casadolivreiro.pt\/index.php\/wp-json\/wp\/v2\/product_cat?post=2093"},{"taxonomy":"product_tag","embeddable":true,"href":"https:\/\/casadolivreiro.pt\/index.php\/wp-json\/wp\/v2\/product_tag?post=2093"}],"curies":[{"name":"wp","href":"https:\/\/api.w.org\/{rel}","templated":true}]}}