{"id":2089,"date":"2024-04-10T14:54:28","date_gmt":"2024-04-10T14:54:28","guid":{"rendered":"https:\/\/casadolivreiro.pt\/?post_type=product&#038;p=2089"},"modified":"2024-04-10T14:54:28","modified_gmt":"2024-04-10T14:54:28","slug":"coleccao-aventura-enid-blyton-2-volumes-enid-blyton","status":"publish","type":"product","link":"https:\/\/casadolivreiro.pt\/index.php\/product\/coleccao-aventura-enid-blyton-2-volumes-enid-blyton\/","title":{"rendered":"COLEC\u00c7\u00c3O AVENTURA ENID BLYTON ( 2 Volumes) &#8211; Enid Blyton"},"content":{"rendered":"<p>COLEC\u00c7\u00c3O AVENTURA ENID BLYTON ( 2 Volumes)<br \/>\nEnid Blyton<br \/>\nNo.1 \u2013 AVENTURA NO BARCO \u2013 Enid Blyton,269 p\u00e1gs.<br \/>\nNo.4 \u2013 AVENTURA NA MONTANHA \u2013 Enid Blyton, 274 p\u00e1gs.<br \/>\nAno de edi\u00e7\u00e3o: 1999<br \/>\nEditor: Publica\u00e7\u00f5es\u00a0 Dom Quixote, Lda., Lisboa<br \/>\nIdioma: Portugu\u00eas<br \/>\nDimens\u00f5es: 12 x 1.4 x 18 cm<br \/>\nEncaderna\u00e7\u00e3o: Capa mole<br \/>\nP\u00e1ginas: v\u00e1rios<\/p>\n","protected":false},"excerpt":{"rendered":"<p>COLEC\u00c7\u00c3O AVENTURA ENID BLYTON ( 2 Volumes) Enid Blyton No.1 \u2013 AVENTURA NO BARCO \u2013 Enid Blyton,269 p\u00e1gs. No.4 \u2013 AVENTURA NA MONTANHA \u2013 Enid Blyton, 274 p\u00e1gs. Ano de edi\u00e7\u00e3o: 1999 Editor: Publica\u00e7\u00f5es\u00a0 Dom Quixote, Lda., Lisboa Idioma: Portugu\u00eas Dimens\u00f5es: 12 x 1.4 x 18 cm Encaderna\u00e7\u00e3o: Capa mole P\u00e1ginas: v\u00e1rios<\/p>\n","protected":false},"featured_media":2092,"comment_status":"open","ping_status":"closed","template":"","meta":{"om_disable_all_campaigns":false,"_monsterinsights_skip_tracking":false,"_monsterinsights_sitenote_active":false,"_monsterinsights_sitenote_note":"","_monsterinsights_sitenote_category":0,"_uf_show_specific_survey":0,"_uf_disable_surveys":false},"product_cat":[34],"product_tag":[],"aioseo_notices":[],"jetpack_sharing_enabled":true,"_links":{"self":[{"href":"https:\/\/casadolivreiro.pt\/index.php\/wp-json\/wp\/v2\/product\/2089"}],"collection":[{"href":"https:\/\/casadolivreiro.pt\/index.php\/wp-json\/wp\/v2\/product"}],"about":[{"href":"https:\/\/casadolivreiro.pt\/index.php\/wp-json\/wp\/v2\/types\/product"}],"replies":[{"embeddable":true,"href":"https:\/\/casadolivreiro.pt\/index.php\/wp-json\/wp\/v2\/comments?post=2089"}],"wp:featuredmedia":[{"embeddable":true,"href":"https:\/\/casadolivreiro.pt\/index.php\/wp-json\/wp\/v2\/media\/2092"}],"wp:attachment":[{"href":"https:\/\/casadolivreiro.pt\/index.php\/wp-json\/wp\/v2\/media?parent=2089"}],"wp:term":[{"taxonomy":"product_cat","embeddable":true,"href":"https:\/\/casadolivreiro.pt\/index.php\/wp-json\/wp\/v2\/product_cat?post=2089"},{"taxonomy":"product_tag","embeddable":true,"href":"https:\/\/casadolivreiro.pt\/index.php\/wp-json\/wp\/v2\/product_tag?post=2089"}],"curies":[{"name":"wp","href":"https:\/\/api.w.org\/{rel}","templated":true}]}}