{"id":2080,"date":"2024-04-10T14:42:12","date_gmt":"2024-04-10T14:42:12","guid":{"rendered":"https:\/\/casadolivreiro.pt\/?post_type=product&#038;p=2080"},"modified":"2024-04-10T14:42:12","modified_gmt":"2024-04-10T14:42:12","slug":"coleccao-kim-de-jens-k-holm","status":"publish","type":"product","link":"https:\/\/casadolivreiro.pt\/index.php\/product\/coleccao-kim-de-jens-k-holm\/","title":{"rendered":"COLEC\u00c7\u00c3O KIM de Jens K. Holm"},"content":{"rendered":"<p>KIM E COMPANHIA<br \/>\nJens K. Holm<br \/>\nAno de edi\u00e7\u00e3o:<br \/>\nEditor: Editora Meridiano, Lisboa<br \/>\nIdioma: Portugu\u00eas<br \/>\nDimens\u00f5es: 12 x 1.2 x 19 cm<br \/>\nEncaderna\u00e7\u00e3o: Capa dura<br \/>\nP\u00e1ginas: 93<\/p>\n<p>KIM E O TESOURO PERDIDO<br \/>\nJens K. Holm<br \/>\nAno de edi\u00e7\u00e3o:<br \/>\nEditor: Editora Meridiano, Lisboa<br \/>\nIdioma: Portugu\u00eas<br \/>\nDimens\u00f5es: 12 x 1.2 x 19 cm<br \/>\nEncaderna\u00e7\u00e3o: Capa dura<br \/>\nP\u00e1ginas: 94<\/p>\n<p>&nbsp;<\/p>\n","protected":false},"excerpt":{"rendered":"<p>KIM E COMPANHIA Jens K. Holm Ano de edi\u00e7\u00e3o: Editor: Editora Meridiano, Lisboa Idioma: Portugu\u00eas Dimens\u00f5es: 12 x 1.2 x 19 cm Encaderna\u00e7\u00e3o: Capa dura P\u00e1ginas: 93 KIM E O TESOURO PERDIDO Jens K. Holm Ano de edi\u00e7\u00e3o: Editor: Editora Meridiano, Lisboa Idioma: Portugu\u00eas Dimens\u00f5es: 12 x 1.2 x 19 cm Encaderna\u00e7\u00e3o: Capa dura P\u00e1ginas: [&hellip;]<\/p>\n","protected":false},"featured_media":2083,"comment_status":"open","ping_status":"closed","template":"","meta":{"om_disable_all_campaigns":false,"_monsterinsights_skip_tracking":false,"_monsterinsights_sitenote_active":false,"_monsterinsights_sitenote_note":"","_monsterinsights_sitenote_category":0,"_uf_show_specific_survey":0,"_uf_disable_surveys":false},"product_cat":[34],"product_tag":[],"aioseo_notices":[],"jetpack_sharing_enabled":true,"_links":{"self":[{"href":"https:\/\/casadolivreiro.pt\/index.php\/wp-json\/wp\/v2\/product\/2080"}],"collection":[{"href":"https:\/\/casadolivreiro.pt\/index.php\/wp-json\/wp\/v2\/product"}],"about":[{"href":"https:\/\/casadolivreiro.pt\/index.php\/wp-json\/wp\/v2\/types\/product"}],"replies":[{"embeddable":true,"href":"https:\/\/casadolivreiro.pt\/index.php\/wp-json\/wp\/v2\/comments?post=2080"}],"wp:featuredmedia":[{"embeddable":true,"href":"https:\/\/casadolivreiro.pt\/index.php\/wp-json\/wp\/v2\/media\/2083"}],"wp:attachment":[{"href":"https:\/\/casadolivreiro.pt\/index.php\/wp-json\/wp\/v2\/media?parent=2080"}],"wp:term":[{"taxonomy":"product_cat","embeddable":true,"href":"https:\/\/casadolivreiro.pt\/index.php\/wp-json\/wp\/v2\/product_cat?post=2080"},{"taxonomy":"product_tag","embeddable":true,"href":"https:\/\/casadolivreiro.pt\/index.php\/wp-json\/wp\/v2\/product_tag?post=2080"}],"curies":[{"name":"wp","href":"https:\/\/api.w.org\/{rel}","templated":true}]}}