{"id":2076,"date":"2024-04-10T14:32:35","date_gmt":"2024-04-10T14:32:35","guid":{"rendered":"https:\/\/casadolivreiro.pt\/?post_type=product&#038;p=2076"},"modified":"2024-04-10T14:32:35","modified_gmt":"2024-04-10T14:32:35","slug":"o-altruista-bernard-shaw","status":"publish","type":"product","link":"https:\/\/casadolivreiro.pt\/index.php\/product\/o-altruista-bernard-shaw\/","title":{"rendered":"O ALTRUISTA &#8211; Bernard Shaw"},"content":{"rendered":"<p>O ALTRUISTA<br \/>\nBernard Shaw<br \/>\nTradu\u00e7\u00e3o de Penha Coutinho<br \/>\nAno de edi\u00e7\u00e3o: 1958<br \/>\nEditor: Editorial Minerva, Lisboa<br \/>\nIdioma: Portugu\u00eas<br \/>\nDimens\u00f5es: 13 x 2 x 19 cm<br \/>\nEncaderna\u00e7\u00e3o: Capa mole<br \/>\nP\u00e1ginas: 264<\/p>\n","protected":false},"excerpt":{"rendered":"<p>O ALTRUISTA Bernard Shaw Tradu\u00e7\u00e3o de Penha Coutinho Ano de edi\u00e7\u00e3o: 1958 Editor: Editorial Minerva, Lisboa Idioma: Portugu\u00eas Dimens\u00f5es: 13 x 2 x 19 cm Encaderna\u00e7\u00e3o: Capa mole P\u00e1ginas: 264<\/p>\n","protected":false},"featured_media":2077,"comment_status":"open","ping_status":"closed","template":"","meta":{"om_disable_all_campaigns":false,"_monsterinsights_skip_tracking":false,"_monsterinsights_sitenote_active":false,"_monsterinsights_sitenote_note":"","_monsterinsights_sitenote_category":0,"_uf_show_specific_survey":0,"_uf_disable_surveys":false},"product_cat":[26],"product_tag":[],"aioseo_notices":[],"jetpack_sharing_enabled":true,"_links":{"self":[{"href":"https:\/\/casadolivreiro.pt\/index.php\/wp-json\/wp\/v2\/product\/2076"}],"collection":[{"href":"https:\/\/casadolivreiro.pt\/index.php\/wp-json\/wp\/v2\/product"}],"about":[{"href":"https:\/\/casadolivreiro.pt\/index.php\/wp-json\/wp\/v2\/types\/product"}],"replies":[{"embeddable":true,"href":"https:\/\/casadolivreiro.pt\/index.php\/wp-json\/wp\/v2\/comments?post=2076"}],"wp:featuredmedia":[{"embeddable":true,"href":"https:\/\/casadolivreiro.pt\/index.php\/wp-json\/wp\/v2\/media\/2077"}],"wp:attachment":[{"href":"https:\/\/casadolivreiro.pt\/index.php\/wp-json\/wp\/v2\/media?parent=2076"}],"wp:term":[{"taxonomy":"product_cat","embeddable":true,"href":"https:\/\/casadolivreiro.pt\/index.php\/wp-json\/wp\/v2\/product_cat?post=2076"},{"taxonomy":"product_tag","embeddable":true,"href":"https:\/\/casadolivreiro.pt\/index.php\/wp-json\/wp\/v2\/product_tag?post=2076"}],"curies":[{"name":"wp","href":"https:\/\/api.w.org\/{rel}","templated":true}]}}