{"id":2070,"date":"2024-04-10T14:21:27","date_gmt":"2024-04-10T14:21:27","guid":{"rendered":"https:\/\/casadolivreiro.pt\/?post_type=product&#038;p=2070"},"modified":"2024-04-10T14:21:27","modified_gmt":"2024-04-10T14:21:27","slug":"toda-a-verdade-morris-l-west","status":"publish","type":"product","link":"https:\/\/casadolivreiro.pt\/index.php\/product\/toda-a-verdade-morris-l-west\/","title":{"rendered":"TODA A VERDADE &#8211; Morris L. West"},"content":{"rendered":"<p>TODA A VERDADE<br \/>\nMorris L. West<br \/>\nTradi\u00e7\u00e3o de Fernando de Castro Ferro<br \/>\nAno de edi\u00e7\u00e3o: 1966<br \/>\nEditor: Livraria Cl\u00e1ssica Editora<br \/>\nIdioma: Portugu\u00eas<br \/>\nDimens\u00f5es: 12.5 x 2.2 x 19 cm<br \/>\nEncaderna\u00e7\u00e3o: Capa mole<br \/>\nP\u00e1ginas: 295<\/p>\n<p>Ashley, um jornalista ame ricano, re\u00fane em It\u00e1lia v\u00e1 rios elementos para um ar tigo de sensa\u00e7\u00e3o sobre o duque de Orgagna, grande propriet\u00e1rio na Campania, que desempenha um papel pol\u00edtico de relevo e parece estar indigitado para minis tro do governo democrata crist\u00e3o. Ashley est\u00e1 em po si\u00e7\u00e3o de revelar que Orga gna desviou em seu pro veito parte dos fundos de assist\u00eancia americana aos pa\u00edses subdesenvolvidos e tomou parte activa no tr\u00e1fico de estupefacientes.<\/p>\n","protected":false},"excerpt":{"rendered":"<p>TODA A VERDADE Morris L. West Tradi\u00e7\u00e3o de Fernando de Castro Ferro Ano de edi\u00e7\u00e3o: 1966 Editor: Livraria Cl\u00e1ssica Editora Idioma: Portugu\u00eas Dimens\u00f5es: 12.5 x 2.2 x 19 cm Encaderna\u00e7\u00e3o: Capa mole P\u00e1ginas: 295 Ashley, um jornalista ame ricano, re\u00fane em It\u00e1lia v\u00e1 rios elementos para um ar tigo de sensa\u00e7\u00e3o sobre o duque de [&hellip;]<\/p>\n","protected":false},"featured_media":2071,"comment_status":"open","ping_status":"closed","template":"","meta":{"om_disable_all_campaigns":false,"_monsterinsights_skip_tracking":false,"_monsterinsights_sitenote_active":false,"_monsterinsights_sitenote_note":"","_monsterinsights_sitenote_category":0,"_uf_show_specific_survey":0,"_uf_disable_surveys":false},"product_cat":[26],"product_tag":[],"aioseo_notices":[],"jetpack_sharing_enabled":true,"_links":{"self":[{"href":"https:\/\/casadolivreiro.pt\/index.php\/wp-json\/wp\/v2\/product\/2070"}],"collection":[{"href":"https:\/\/casadolivreiro.pt\/index.php\/wp-json\/wp\/v2\/product"}],"about":[{"href":"https:\/\/casadolivreiro.pt\/index.php\/wp-json\/wp\/v2\/types\/product"}],"replies":[{"embeddable":true,"href":"https:\/\/casadolivreiro.pt\/index.php\/wp-json\/wp\/v2\/comments?post=2070"}],"wp:featuredmedia":[{"embeddable":true,"href":"https:\/\/casadolivreiro.pt\/index.php\/wp-json\/wp\/v2\/media\/2071"}],"wp:attachment":[{"href":"https:\/\/casadolivreiro.pt\/index.php\/wp-json\/wp\/v2\/media?parent=2070"}],"wp:term":[{"taxonomy":"product_cat","embeddable":true,"href":"https:\/\/casadolivreiro.pt\/index.php\/wp-json\/wp\/v2\/product_cat?post=2070"},{"taxonomy":"product_tag","embeddable":true,"href":"https:\/\/casadolivreiro.pt\/index.php\/wp-json\/wp\/v2\/product_tag?post=2070"}],"curies":[{"name":"wp","href":"https:\/\/api.w.org\/{rel}","templated":true}]}}