{"id":2064,"date":"2024-04-06T00:34:45","date_gmt":"2024-04-06T00:34:45","guid":{"rendered":"https:\/\/casadolivreiro.pt\/?post_type=product&#038;p=2064"},"modified":"2024-04-06T00:34:46","modified_gmt":"2024-04-06T00:34:46","slug":"the-worlds-classics-english-verse","status":"publish","type":"product","link":"https:\/\/casadolivreiro.pt\/index.php\/product\/the-worlds-classics-english-verse\/","title":{"rendered":"THE WORLD\u2019S CLASSICS: ENGLISH VERSE"},"content":{"rendered":"<p>THE WORLD\u2019S CLASSICS: ENGLISH VERSE<br \/>\nChosen and edited by W. Peacock, in five volumes \u2013 Volume III Dryden to Wordsworth<br \/>\nAno de edi\u00e7\u00e3o:\u00a0 1966 (Colec\u00e7\u00e3o The World\u2019s Classics No. 310)<br \/>\nEditor: Oxford University Press, London<br \/>\nIdioma: Ingl\u00eas<br \/>\nDimens\u00f5es: 9 x 2.4 x 15 cm<br \/>\nEncaderna\u00e7\u00e3o: Capa dura<br \/>\nP\u00e1ginas: 648<\/p>\n","protected":false},"excerpt":{"rendered":"<p>THE WORLD\u2019S CLASSICS: ENGLISH VERSE Chosen and edited by W. Peacock, in five volumes \u2013 Volume III Dryden to Wordsworth Ano de edi\u00e7\u00e3o:\u00a0 1966 (Colec\u00e7\u00e3o The World\u2019s Classics No. 310) Editor: Oxford University Press, London Idioma: Ingl\u00eas Dimens\u00f5es: 9 x 2.4 x 15 cm Encaderna\u00e7\u00e3o: Capa dura P\u00e1ginas: 648<\/p>\n","protected":false},"featured_media":2065,"comment_status":"open","ping_status":"closed","template":"","meta":{"om_disable_all_campaigns":false,"_monsterinsights_skip_tracking":false,"_monsterinsights_sitenote_active":false,"_monsterinsights_sitenote_note":"","_monsterinsights_sitenote_category":0,"_uf_show_specific_survey":0,"_uf_disable_surveys":false},"product_cat":[31,47,55,27],"product_tag":[],"aioseo_notices":[],"jetpack_sharing_enabled":true,"_links":{"self":[{"href":"https:\/\/casadolivreiro.pt\/index.php\/wp-json\/wp\/v2\/product\/2064"}],"collection":[{"href":"https:\/\/casadolivreiro.pt\/index.php\/wp-json\/wp\/v2\/product"}],"about":[{"href":"https:\/\/casadolivreiro.pt\/index.php\/wp-json\/wp\/v2\/types\/product"}],"replies":[{"embeddable":true,"href":"https:\/\/casadolivreiro.pt\/index.php\/wp-json\/wp\/v2\/comments?post=2064"}],"wp:featuredmedia":[{"embeddable":true,"href":"https:\/\/casadolivreiro.pt\/index.php\/wp-json\/wp\/v2\/media\/2065"}],"wp:attachment":[{"href":"https:\/\/casadolivreiro.pt\/index.php\/wp-json\/wp\/v2\/media?parent=2064"}],"wp:term":[{"taxonomy":"product_cat","embeddable":true,"href":"https:\/\/casadolivreiro.pt\/index.php\/wp-json\/wp\/v2\/product_cat?post=2064"},{"taxonomy":"product_tag","embeddable":true,"href":"https:\/\/casadolivreiro.pt\/index.php\/wp-json\/wp\/v2\/product_tag?post=2064"}],"curies":[{"name":"wp","href":"https:\/\/api.w.org\/{rel}","templated":true}]}}