{"id":2059,"date":"2024-04-06T00:27:33","date_gmt":"2024-04-06T00:27:33","guid":{"rendered":"https:\/\/casadolivreiro.pt\/?post_type=product&#038;p=2059"},"modified":"2024-04-06T00:27:33","modified_gmt":"2024-04-06T00:27:33","slug":"the-worlds-classics-selected-poems-of-william-wordsworth","status":"publish","type":"product","link":"https:\/\/casadolivreiro.pt\/index.php\/product\/the-worlds-classics-selected-poems-of-william-wordsworth\/","title":{"rendered":"THE WORLD\u2019S CLASSICS: SELECTED POEMS OF WILLIAM WORDSWORTH"},"content":{"rendered":"<p>THE WORLD\u2019S CLASSICS: SELECTED POEMS OF WILLIAM WORDSWORTH<br \/>\nWith an Introduction by Basil de S\u00e9lincourt<br \/>\nAno de edi\u00e7\u00e3o:\u00a0 1969 (Colec\u00e7\u00e3o The World\u2019s Classics No. 189)<br \/>\nEditor: Oxford University Press, London<br \/>\nIdioma: Ingl\u00eas<br \/>\nDimens\u00f5es: 9 x 2 x 15 cm<br \/>\nEncaderna\u00e7\u00e3o: Capa dura<br \/>\nP\u00e1ginas: 518<\/p>\n","protected":false},"excerpt":{"rendered":"<p>THE WORLD\u2019S CLASSICS: SELECTED POEMS OF WILLIAM WORDSWORTH With an Introduction by Basil de S\u00e9lincourt Ano de edi\u00e7\u00e3o:\u00a0 1969 (Colec\u00e7\u00e3o The World\u2019s Classics No. 189) Editor: Oxford University Press, London Idioma: Ingl\u00eas Dimens\u00f5es: 9 x 2 x 15 cm Encaderna\u00e7\u00e3o: Capa dura P\u00e1ginas: 518<\/p>\n","protected":false},"featured_media":2060,"comment_status":"open","ping_status":"closed","template":"","meta":{"om_disable_all_campaigns":false,"_monsterinsights_skip_tracking":false,"_monsterinsights_sitenote_active":false,"_monsterinsights_sitenote_note":"","_monsterinsights_sitenote_category":0,"_uf_show_specific_survey":0,"_uf_disable_surveys":false},"product_cat":[47,55,27],"product_tag":[],"aioseo_notices":[],"jetpack_sharing_enabled":true,"_links":{"self":[{"href":"https:\/\/casadolivreiro.pt\/index.php\/wp-json\/wp\/v2\/product\/2059"}],"collection":[{"href":"https:\/\/casadolivreiro.pt\/index.php\/wp-json\/wp\/v2\/product"}],"about":[{"href":"https:\/\/casadolivreiro.pt\/index.php\/wp-json\/wp\/v2\/types\/product"}],"replies":[{"embeddable":true,"href":"https:\/\/casadolivreiro.pt\/index.php\/wp-json\/wp\/v2\/comments?post=2059"}],"wp:featuredmedia":[{"embeddable":true,"href":"https:\/\/casadolivreiro.pt\/index.php\/wp-json\/wp\/v2\/media\/2060"}],"wp:attachment":[{"href":"https:\/\/casadolivreiro.pt\/index.php\/wp-json\/wp\/v2\/media?parent=2059"}],"wp:term":[{"taxonomy":"product_cat","embeddable":true,"href":"https:\/\/casadolivreiro.pt\/index.php\/wp-json\/wp\/v2\/product_cat?post=2059"},{"taxonomy":"product_tag","embeddable":true,"href":"https:\/\/casadolivreiro.pt\/index.php\/wp-json\/wp\/v2\/product_tag?post=2059"}],"curies":[{"name":"wp","href":"https:\/\/api.w.org\/{rel}","templated":true}]}}