{"id":2050,"date":"2024-04-06T00:10:35","date_gmt":"2024-04-06T00:10:35","guid":{"rendered":"https:\/\/casadolivreiro.pt\/?post_type=product&#038;p=2050"},"modified":"2024-04-06T00:10:35","modified_gmt":"2024-04-06T00:10:35","slug":"breve-historia-das-religioes-ambrogio-donini","status":"publish","type":"product","link":"https:\/\/casadolivreiro.pt\/index.php\/product\/breve-historia-das-religioes-ambrogio-donini\/","title":{"rendered":"BREVE HIST\u00d3RIA DAS RELIGI\u00d5ES &#8211; Ambrogio Donini"},"content":{"rendered":"<p>BREVE HIST\u00d3RIA DAS RELIGI\u00d5ES<br \/>\nAmbrogio Donini<br \/>\nTradu\u00e7\u00e3o de Luiz M\u00e1rio Gazzaneo<br \/>\nAno de edi\u00e7\u00e3o:\u00a0 1965<br \/>\nEditor: Civiliza\u00e7\u00e3o Brasileira S.A., Rio de Janeiro<br \/>\nIdioma: Portugu\u00eas<br \/>\nDimens\u00f5es: 14 x 3 x 21 cm<br \/>\nEncaderna\u00e7\u00e3o: Capa mole<br \/>\nP\u00e1ginas: 363<\/p>\n","protected":false},"excerpt":{"rendered":"<p>BREVE HIST\u00d3RIA DAS RELIGI\u00d5ES Ambrogio Donini Tradu\u00e7\u00e3o de Luiz M\u00e1rio Gazzaneo Ano de edi\u00e7\u00e3o:\u00a0 1965 Editor: Civiliza\u00e7\u00e3o Brasileira S.A., Rio de Janeiro Idioma: Portugu\u00eas Dimens\u00f5es: 14 x 3 x 21 cm Encaderna\u00e7\u00e3o: Capa mole P\u00e1ginas: 363<\/p>\n","protected":false},"featured_media":2051,"comment_status":"open","ping_status":"closed","template":"","meta":{"om_disable_all_campaigns":false,"_monsterinsights_skip_tracking":false,"_monsterinsights_sitenote_active":false,"_monsterinsights_sitenote_note":"","_monsterinsights_sitenote_category":0,"_uf_show_specific_survey":0,"_uf_disable_surveys":false},"product_cat":[33],"product_tag":[],"aioseo_notices":[],"jetpack_sharing_enabled":true,"_links":{"self":[{"href":"https:\/\/casadolivreiro.pt\/index.php\/wp-json\/wp\/v2\/product\/2050"}],"collection":[{"href":"https:\/\/casadolivreiro.pt\/index.php\/wp-json\/wp\/v2\/product"}],"about":[{"href":"https:\/\/casadolivreiro.pt\/index.php\/wp-json\/wp\/v2\/types\/product"}],"replies":[{"embeddable":true,"href":"https:\/\/casadolivreiro.pt\/index.php\/wp-json\/wp\/v2\/comments?post=2050"}],"wp:featuredmedia":[{"embeddable":true,"href":"https:\/\/casadolivreiro.pt\/index.php\/wp-json\/wp\/v2\/media\/2051"}],"wp:attachment":[{"href":"https:\/\/casadolivreiro.pt\/index.php\/wp-json\/wp\/v2\/media?parent=2050"}],"wp:term":[{"taxonomy":"product_cat","embeddable":true,"href":"https:\/\/casadolivreiro.pt\/index.php\/wp-json\/wp\/v2\/product_cat?post=2050"},{"taxonomy":"product_tag","embeddable":true,"href":"https:\/\/casadolivreiro.pt\/index.php\/wp-json\/wp\/v2\/product_tag?post=2050"}],"curies":[{"name":"wp","href":"https:\/\/api.w.org\/{rel}","templated":true}]}}