{"id":2048,"date":"2024-04-06T00:07:26","date_gmt":"2024-04-06T00:07:26","guid":{"rendered":"https:\/\/casadolivreiro.pt\/?post_type=product&#038;p=2048"},"modified":"2024-04-06T00:07:26","modified_gmt":"2024-04-06T00:07:26","slug":"a-sorte-revelada-pelo-horoscopo-cabalistico-francisco-valdomiro-lorenz","status":"publish","type":"product","link":"https:\/\/casadolivreiro.pt\/index.php\/product\/a-sorte-revelada-pelo-horoscopo-cabalistico-francisco-valdomiro-lorenz\/","title":{"rendered":"A SORTE REVELADA PELO HOR\u00d3SCOPO CABAL\u00cdSTICO &#8211; Francisco Valdomiro Lorenz"},"content":{"rendered":"<p>A SORTE REVELADA PELO HOR\u00d3SCOPO CABAL\u00cdSTICO<br \/>\nFrancisco Valdomiro Lorenz<br \/>\nAno de edi\u00e7\u00e3o:\u00a0 1969<br \/>\nEditor: Editora Pensamento Ltda., S\u00e3o Paulo<br \/>\nIdioma: Portugu\u00eas<br \/>\nDimens\u00f5es: 14 x 1.5 x 21 cm<br \/>\nEncaderna\u00e7\u00e3o: Capa mole<br \/>\nP\u00e1ginas: 195<\/p>\n","protected":false},"excerpt":{"rendered":"<p>A SORTE REVELADA PELO HOR\u00d3SCOPO CABAL\u00cdSTICO Francisco Valdomiro Lorenz Ano de edi\u00e7\u00e3o:\u00a0 1969 Editor: Editora Pensamento Ltda., S\u00e3o Paulo Idioma: Portugu\u00eas Dimens\u00f5es: 14 x 1.5 x 21 cm Encaderna\u00e7\u00e3o: Capa mole P\u00e1ginas: 195<\/p>\n","protected":false},"featured_media":2049,"comment_status":"open","ping_status":"closed","template":"","meta":{"om_disable_all_campaigns":false,"_monsterinsights_skip_tracking":false,"_monsterinsights_sitenote_active":false,"_monsterinsights_sitenote_note":"","_monsterinsights_sitenote_category":0,"_uf_show_specific_survey":0,"_uf_disable_surveys":false},"product_cat":[33],"product_tag":[],"aioseo_notices":[],"jetpack_sharing_enabled":true,"_links":{"self":[{"href":"https:\/\/casadolivreiro.pt\/index.php\/wp-json\/wp\/v2\/product\/2048"}],"collection":[{"href":"https:\/\/casadolivreiro.pt\/index.php\/wp-json\/wp\/v2\/product"}],"about":[{"href":"https:\/\/casadolivreiro.pt\/index.php\/wp-json\/wp\/v2\/types\/product"}],"replies":[{"embeddable":true,"href":"https:\/\/casadolivreiro.pt\/index.php\/wp-json\/wp\/v2\/comments?post=2048"}],"wp:featuredmedia":[{"embeddable":true,"href":"https:\/\/casadolivreiro.pt\/index.php\/wp-json\/wp\/v2\/media\/2049"}],"wp:attachment":[{"href":"https:\/\/casadolivreiro.pt\/index.php\/wp-json\/wp\/v2\/media?parent=2048"}],"wp:term":[{"taxonomy":"product_cat","embeddable":true,"href":"https:\/\/casadolivreiro.pt\/index.php\/wp-json\/wp\/v2\/product_cat?post=2048"},{"taxonomy":"product_tag","embeddable":true,"href":"https:\/\/casadolivreiro.pt\/index.php\/wp-json\/wp\/v2\/product_tag?post=2048"}],"curies":[{"name":"wp","href":"https:\/\/api.w.org\/{rel}","templated":true}]}}