{"id":2042,"date":"2024-04-05T23:56:59","date_gmt":"2024-04-05T23:56:59","guid":{"rendered":"https:\/\/casadolivreiro.pt\/?post_type=product&#038;p=2042"},"modified":"2024-04-05T23:56:59","modified_gmt":"2024-04-05T23:56:59","slug":"papa-joao-xxiii-ernesto-balducci","status":"publish","type":"product","link":"https:\/\/casadolivreiro.pt\/index.php\/product\/papa-joao-xxiii-ernesto-balducci\/","title":{"rendered":"PAPA JO\u00c3O XXIII &#8211; Ernesto Balducci"},"content":{"rendered":"<p>PAPA JO\u00c3O XXIII<br \/>\nErnesto Balducci<br \/>\nTradu\u00e7\u00e3o de Nunes Martinho e Ant\u00f3nio Ramos Rosa<br \/>\nColec\u00e7\u00e3o Documentos Humanos No. 24<br \/>\nAno de edi\u00e7\u00e3o:\u00a0 1969<br \/>\nEditor: Portug\u00e3lia Editora, Lisboa<br \/>\nIdioma: Portugu\u00eas<br \/>\nDimens\u00f5es: 13.3 x 2.6 x 20 cm<br \/>\nEncaderna\u00e7\u00e3o: Capa mole<br \/>\nP\u00e1ginas: 388<\/p>\n","protected":false},"excerpt":{"rendered":"<p>PAPA JO\u00c3O XXIII Ernesto Balducci Tradu\u00e7\u00e3o de Nunes Martinho e Ant\u00f3nio Ramos Rosa Colec\u00e7\u00e3o Documentos Humanos No. 24 Ano de edi\u00e7\u00e3o:\u00a0 1969 Editor: Portug\u00e3lia Editora, Lisboa Idioma: Portugu\u00eas Dimens\u00f5es: 13.3 x 2.6 x 20 cm Encaderna\u00e7\u00e3o: Capa mole P\u00e1ginas: 388<\/p>\n","protected":false},"featured_media":2043,"comment_status":"open","ping_status":"closed","template":"","meta":{"om_disable_all_campaigns":false,"_monsterinsights_skip_tracking":false,"_monsterinsights_sitenote_active":false,"_monsterinsights_sitenote_note":"","_monsterinsights_sitenote_category":0,"_uf_show_specific_survey":0,"_uf_disable_surveys":false},"product_cat":[28,33,30],"product_tag":[],"aioseo_notices":[],"jetpack_sharing_enabled":true,"_links":{"self":[{"href":"https:\/\/casadolivreiro.pt\/index.php\/wp-json\/wp\/v2\/product\/2042"}],"collection":[{"href":"https:\/\/casadolivreiro.pt\/index.php\/wp-json\/wp\/v2\/product"}],"about":[{"href":"https:\/\/casadolivreiro.pt\/index.php\/wp-json\/wp\/v2\/types\/product"}],"replies":[{"embeddable":true,"href":"https:\/\/casadolivreiro.pt\/index.php\/wp-json\/wp\/v2\/comments?post=2042"}],"wp:featuredmedia":[{"embeddable":true,"href":"https:\/\/casadolivreiro.pt\/index.php\/wp-json\/wp\/v2\/media\/2043"}],"wp:attachment":[{"href":"https:\/\/casadolivreiro.pt\/index.php\/wp-json\/wp\/v2\/media?parent=2042"}],"wp:term":[{"taxonomy":"product_cat","embeddable":true,"href":"https:\/\/casadolivreiro.pt\/index.php\/wp-json\/wp\/v2\/product_cat?post=2042"},{"taxonomy":"product_tag","embeddable":true,"href":"https:\/\/casadolivreiro.pt\/index.php\/wp-json\/wp\/v2\/product_tag?post=2042"}],"curies":[{"name":"wp","href":"https:\/\/api.w.org\/{rel}","templated":true}]}}