{"id":2038,"date":"2024-04-05T23:50:30","date_gmt":"2024-04-05T23:50:30","guid":{"rendered":"https:\/\/casadolivreiro.pt\/?post_type=product&#038;p=2038"},"modified":"2024-04-05T23:50:30","modified_gmt":"2024-04-05T23:50:30","slug":"d-h-lawrence-novelist-f-r-leavis","status":"publish","type":"product","link":"https:\/\/casadolivreiro.pt\/index.php\/product\/d-h-lawrence-novelist-f-r-leavis\/","title":{"rendered":"D.H. LAWRENCE: NOVELIST &#8211; F.R. Leavis"},"content":{"rendered":"<p>D.H. LAWRENCE: NOVELIST<br \/>\nF.R. Leavis<br \/>\nAno de edi\u00e7\u00e3o:\u00a0 1970 ( Colec\u00e7\u00e3o a Peregrine Book)<br \/>\nEditor: Penguin Books Ltd.<br \/>\nIdioma: Ingl\u00eas<br \/>\nDimens\u00f5es: 13 x 1.5 x 19.5 cm<br \/>\nEncaderna\u00e7\u00e3o: Capa mole<br \/>\nP\u00e1ginas: 332<\/p>\n","protected":false},"excerpt":{"rendered":"<p>D.H. LAWRENCE: NOVELIST F.R. Leavis Ano de edi\u00e7\u00e3o:\u00a0 1970 ( Colec\u00e7\u00e3o a Peregrine Book) Editor: Penguin Books Ltd. Idioma: Ingl\u00eas Dimens\u00f5es: 13 x 1.5 x 19.5 cm Encaderna\u00e7\u00e3o: Capa mole P\u00e1ginas: 332<\/p>\n","protected":false},"featured_media":2039,"comment_status":"open","ping_status":"closed","template":"","meta":{"om_disable_all_campaigns":false,"_monsterinsights_skip_tracking":false,"_monsterinsights_sitenote_active":false,"_monsterinsights_sitenote_note":"","_monsterinsights_sitenote_category":0,"_uf_show_specific_survey":0,"_uf_disable_surveys":false},"product_cat":[31,47],"product_tag":[],"aioseo_notices":[],"jetpack_sharing_enabled":true,"_links":{"self":[{"href":"https:\/\/casadolivreiro.pt\/index.php\/wp-json\/wp\/v2\/product\/2038"}],"collection":[{"href":"https:\/\/casadolivreiro.pt\/index.php\/wp-json\/wp\/v2\/product"}],"about":[{"href":"https:\/\/casadolivreiro.pt\/index.php\/wp-json\/wp\/v2\/types\/product"}],"replies":[{"embeddable":true,"href":"https:\/\/casadolivreiro.pt\/index.php\/wp-json\/wp\/v2\/comments?post=2038"}],"wp:featuredmedia":[{"embeddable":true,"href":"https:\/\/casadolivreiro.pt\/index.php\/wp-json\/wp\/v2\/media\/2039"}],"wp:attachment":[{"href":"https:\/\/casadolivreiro.pt\/index.php\/wp-json\/wp\/v2\/media?parent=2038"}],"wp:term":[{"taxonomy":"product_cat","embeddable":true,"href":"https:\/\/casadolivreiro.pt\/index.php\/wp-json\/wp\/v2\/product_cat?post=2038"},{"taxonomy":"product_tag","embeddable":true,"href":"https:\/\/casadolivreiro.pt\/index.php\/wp-json\/wp\/v2\/product_tag?post=2038"}],"curies":[{"name":"wp","href":"https:\/\/api.w.org\/{rel}","templated":true}]}}