{"id":2036,"date":"2024-04-05T23:47:04","date_gmt":"2024-04-05T23:47:04","guid":{"rendered":"https:\/\/casadolivreiro.pt\/?post_type=product&#038;p=2036"},"modified":"2024-04-05T23:47:04","modified_gmt":"2024-04-05T23:47:04","slug":"the-elizabethan-world-picture-e-m-w-tillyard","status":"publish","type":"product","link":"https:\/\/casadolivreiro.pt\/index.php\/product\/the-elizabethan-world-picture-e-m-w-tillyard\/","title":{"rendered":"THE ELIZABETHAN WORLD PICTURE &#8211; E.M.W. Tillyard"},"content":{"rendered":"<p>THE ELIZABETHAN WORLD PICTURE<br \/>\nE.M.W. Tillyard<br \/>\nAno de edi\u00e7\u00e3o:\u00a0 1968 ( Colec\u00e7\u00e3o a Peregrine Book)<br \/>\nEditor: Penguin Books Ltd.<br \/>\nIdioma: Ingl\u00eas<br \/>\nDimens\u00f5es: 13 x 0.9 x 19.5 cm<br \/>\nEncaderna\u00e7\u00e3o: Capa mole<br \/>\nP\u00e1ginas: 140<\/p>\n","protected":false},"excerpt":{"rendered":"<p>THE ELIZABETHAN WORLD PICTURE E.M.W. Tillyard Ano de edi\u00e7\u00e3o:\u00a0 1968 ( Colec\u00e7\u00e3o a Peregrine Book) Editor: Penguin Books Ltd. Idioma: Ingl\u00eas Dimens\u00f5es: 13 x 0.9 x 19.5 cm Encaderna\u00e7\u00e3o: Capa mole P\u00e1ginas: 140<\/p>\n","protected":false},"featured_media":2037,"comment_status":"open","ping_status":"closed","template":"","meta":{"om_disable_all_campaigns":false,"_monsterinsights_skip_tracking":false,"_monsterinsights_sitenote_active":false,"_monsterinsights_sitenote_note":"","_monsterinsights_sitenote_category":0,"_uf_show_specific_survey":0,"_uf_disable_surveys":false},"product_cat":[31,47,29],"product_tag":[],"aioseo_notices":[],"jetpack_sharing_enabled":true,"_links":{"self":[{"href":"https:\/\/casadolivreiro.pt\/index.php\/wp-json\/wp\/v2\/product\/2036"}],"collection":[{"href":"https:\/\/casadolivreiro.pt\/index.php\/wp-json\/wp\/v2\/product"}],"about":[{"href":"https:\/\/casadolivreiro.pt\/index.php\/wp-json\/wp\/v2\/types\/product"}],"replies":[{"embeddable":true,"href":"https:\/\/casadolivreiro.pt\/index.php\/wp-json\/wp\/v2\/comments?post=2036"}],"wp:featuredmedia":[{"embeddable":true,"href":"https:\/\/casadolivreiro.pt\/index.php\/wp-json\/wp\/v2\/media\/2037"}],"wp:attachment":[{"href":"https:\/\/casadolivreiro.pt\/index.php\/wp-json\/wp\/v2\/media?parent=2036"}],"wp:term":[{"taxonomy":"product_cat","embeddable":true,"href":"https:\/\/casadolivreiro.pt\/index.php\/wp-json\/wp\/v2\/product_cat?post=2036"},{"taxonomy":"product_tag","embeddable":true,"href":"https:\/\/casadolivreiro.pt\/index.php\/wp-json\/wp\/v2\/product_tag?post=2036"}],"curies":[{"name":"wp","href":"https:\/\/api.w.org\/{rel}","templated":true}]}}