{"id":2034,"date":"2024-04-05T23:43:16","date_gmt":"2024-04-05T23:43:16","guid":{"rendered":"https:\/\/casadolivreiro.pt\/?post_type=product&#038;p=2034"},"modified":"2024-04-05T23:43:16","modified_gmt":"2024-04-05T23:43:16","slug":"pratique-des-amours-de-groupe-quinze-annees-dobservation-en-france-dr-georges-valensin","status":"publish","type":"product","link":"https:\/\/casadolivreiro.pt\/index.php\/product\/pratique-des-amours-de-groupe-quinze-annees-dobservation-en-france-dr-georges-valensin\/","title":{"rendered":"PRATIQUE DES AMO\u00d9RS DE GROUPE: Quinze Anne\u00e9s d\u2019observation en France &#8211; Dr. Georges Valensin"},"content":{"rendered":"<p>PRATIQUE DES AMO\u00d9RS DE GROUPE: Quinze Anne\u00e9s d\u2019observation en France<br \/>\nDr. Georges Valensin<br \/>\nISBN: 978-2710319054<br \/>\nAno de edi\u00e7\u00e3o:\u00a0 1973<br \/>\nEditor: L\u2019Ordre du Jour, La Table Ronde, Paris<br \/>\nIdioma: Fran\u00e7\u00eas<br \/>\nDimens\u00f5es: 14 x 2.4 x 20 cm<br \/>\nEncaderna\u00e7\u00e3o: Capa mole<br \/>\nP\u00e1ginas: 342<\/p>\n","protected":false},"excerpt":{"rendered":"<p>PRATIQUE DES AMO\u00d9RS DE GROUPE: Quinze Anne\u00e9s d\u2019observation en France Dr. Georges Valensin ISBN: 978-2710319054 Ano de edi\u00e7\u00e3o:\u00a0 1973 Editor: L\u2019Ordre du Jour, La Table Ronde, Paris Idioma: Fran\u00e7\u00eas Dimens\u00f5es: 14 x 2.4 x 20 cm Encaderna\u00e7\u00e3o: Capa mole P\u00e1ginas: 342<\/p>\n","protected":false},"featured_media":2035,"comment_status":"open","ping_status":"closed","template":"","meta":{"om_disable_all_campaigns":false,"_monsterinsights_skip_tracking":false,"_monsterinsights_sitenote_active":false,"_monsterinsights_sitenote_note":"","_monsterinsights_sitenote_category":0,"_uf_show_specific_survey":0,"_uf_disable_surveys":false},"product_cat":[56,67],"product_tag":[],"aioseo_notices":[],"jetpack_sharing_enabled":true,"_links":{"self":[{"href":"https:\/\/casadolivreiro.pt\/index.php\/wp-json\/wp\/v2\/product\/2034"}],"collection":[{"href":"https:\/\/casadolivreiro.pt\/index.php\/wp-json\/wp\/v2\/product"}],"about":[{"href":"https:\/\/casadolivreiro.pt\/index.php\/wp-json\/wp\/v2\/types\/product"}],"replies":[{"embeddable":true,"href":"https:\/\/casadolivreiro.pt\/index.php\/wp-json\/wp\/v2\/comments?post=2034"}],"wp:featuredmedia":[{"embeddable":true,"href":"https:\/\/casadolivreiro.pt\/index.php\/wp-json\/wp\/v2\/media\/2035"}],"wp:attachment":[{"href":"https:\/\/casadolivreiro.pt\/index.php\/wp-json\/wp\/v2\/media?parent=2034"}],"wp:term":[{"taxonomy":"product_cat","embeddable":true,"href":"https:\/\/casadolivreiro.pt\/index.php\/wp-json\/wp\/v2\/product_cat?post=2034"},{"taxonomy":"product_tag","embeddable":true,"href":"https:\/\/casadolivreiro.pt\/index.php\/wp-json\/wp\/v2\/product_tag?post=2034"}],"curies":[{"name":"wp","href":"https:\/\/api.w.org\/{rel}","templated":true}]}}