{"id":2032,"date":"2024-04-05T23:40:02","date_gmt":"2024-04-05T23:40:02","guid":{"rendered":"https:\/\/casadolivreiro.pt\/?post_type=product&#038;p=2032"},"modified":"2024-04-05T23:40:02","modified_gmt":"2024-04-05T23:40:02","slug":"os-jovens-e-a-sexualidade-nuno-silva-miguel","status":"publish","type":"product","link":"https:\/\/casadolivreiro.pt\/index.php\/product\/os-jovens-e-a-sexualidade-nuno-silva-miguel\/","title":{"rendered":"OS JOVENS E A SEXUALIDADE &#8211; Nuno Silva Miguel"},"content":{"rendered":"<p>OS JOVENS E A SEXUALIDADE<br \/>\nNuno Silva Miguel<br \/>\nISBN: 972-597-032-2<br \/>\nAno de edi\u00e7\u00e3o:\u00a0 1989<br \/>\nEditor: Edi\u00e7\u00f5es ASA<br \/>\nIdioma: Portugu\u00eas<br \/>\nDimens\u00f5es: 14 x 0.4 x 20 cm<br \/>\nEncaderna\u00e7\u00e3o: Capa mole<br \/>\nP\u00e1ginas: 77<\/p>\n","protected":false},"excerpt":{"rendered":"<p>OS JOVENS E A SEXUALIDADE Nuno Silva Miguel ISBN: 972-597-032-2 Ano de edi\u00e7\u00e3o:\u00a0 1989 Editor: Edi\u00e7\u00f5es ASA Idioma: Portugu\u00eas Dimens\u00f5es: 14 x 0.4 x 20 cm Encaderna\u00e7\u00e3o: Capa mole P\u00e1ginas: 77<\/p>\n","protected":false},"featured_media":2033,"comment_status":"open","ping_status":"closed","template":"","meta":{"om_disable_all_campaigns":false,"_monsterinsights_skip_tracking":false,"_monsterinsights_sitenote_active":false,"_monsterinsights_sitenote_note":"","_monsterinsights_sitenote_category":0,"_uf_show_specific_survey":0,"_uf_disable_surveys":false},"product_cat":[47,67],"product_tag":[],"aioseo_notices":[],"jetpack_sharing_enabled":true,"_links":{"self":[{"href":"https:\/\/casadolivreiro.pt\/index.php\/wp-json\/wp\/v2\/product\/2032"}],"collection":[{"href":"https:\/\/casadolivreiro.pt\/index.php\/wp-json\/wp\/v2\/product"}],"about":[{"href":"https:\/\/casadolivreiro.pt\/index.php\/wp-json\/wp\/v2\/types\/product"}],"replies":[{"embeddable":true,"href":"https:\/\/casadolivreiro.pt\/index.php\/wp-json\/wp\/v2\/comments?post=2032"}],"wp:featuredmedia":[{"embeddable":true,"href":"https:\/\/casadolivreiro.pt\/index.php\/wp-json\/wp\/v2\/media\/2033"}],"wp:attachment":[{"href":"https:\/\/casadolivreiro.pt\/index.php\/wp-json\/wp\/v2\/media?parent=2032"}],"wp:term":[{"taxonomy":"product_cat","embeddable":true,"href":"https:\/\/casadolivreiro.pt\/index.php\/wp-json\/wp\/v2\/product_cat?post=2032"},{"taxonomy":"product_tag","embeddable":true,"href":"https:\/\/casadolivreiro.pt\/index.php\/wp-json\/wp\/v2\/product_tag?post=2032"}],"curies":[{"name":"wp","href":"https:\/\/api.w.org\/{rel}","templated":true}]}}