{"id":2028,"date":"2024-04-05T23:26:47","date_gmt":"2024-04-05T23:26:47","guid":{"rendered":"https:\/\/casadolivreiro.pt\/?post_type=product&#038;p=2028"},"modified":"2024-04-05T23:26:47","modified_gmt":"2024-04-05T23:26:47","slug":"drogas-e-sida-realidades-sintomatologia-reflexoes-lucien-j-engelmajer","status":"publish","type":"product","link":"https:\/\/casadolivreiro.pt\/index.php\/product\/drogas-e-sida-realidades-sintomatologia-reflexoes-lucien-j-engelmajer\/","title":{"rendered":"DROGAS E SIDA: Realidades, Sintomatologia, Reflex\u00f5es &#8211; Lucien J. Engelmajer"},"content":{"rendered":"<p>DROGAS E SIDA: Realidades, Sintomatologia, Reflex\u00f5es<br \/>\nLucien J. Engelmajer<br \/>\nAno de edi\u00e7\u00e3o:\u00a0 1990?<br \/>\nEditor: Fundacion Engelmajer<br \/>\nIdioma: Portugu\u00eas<br \/>\nDimens\u00f5es: 14 x 2 x 21 cm<br \/>\nEncaderna\u00e7\u00e3o: Capa mole<br \/>\nP\u00e1ginas: 344<\/p>\n","protected":false},"excerpt":{"rendered":"<p>DROGAS E SIDA: Realidades, Sintomatologia, Reflex\u00f5es Lucien J. Engelmajer Ano de edi\u00e7\u00e3o:\u00a0 1990? Editor: Fundacion Engelmajer Idioma: Portugu\u00eas Dimens\u00f5es: 14 x 2 x 21 cm Encaderna\u00e7\u00e3o: Capa mole P\u00e1ginas: 344<\/p>\n","protected":false},"featured_media":2029,"comment_status":"open","ping_status":"closed","template":"","meta":{"om_disable_all_campaigns":false,"_monsterinsights_skip_tracking":false,"_monsterinsights_sitenote_active":false,"_monsterinsights_sitenote_note":"","_monsterinsights_sitenote_category":0,"_uf_show_specific_survey":0,"_uf_disable_surveys":false},"product_cat":[43],"product_tag":[],"aioseo_notices":[],"jetpack_sharing_enabled":true,"_links":{"self":[{"href":"https:\/\/casadolivreiro.pt\/index.php\/wp-json\/wp\/v2\/product\/2028"}],"collection":[{"href":"https:\/\/casadolivreiro.pt\/index.php\/wp-json\/wp\/v2\/product"}],"about":[{"href":"https:\/\/casadolivreiro.pt\/index.php\/wp-json\/wp\/v2\/types\/product"}],"replies":[{"embeddable":true,"href":"https:\/\/casadolivreiro.pt\/index.php\/wp-json\/wp\/v2\/comments?post=2028"}],"wp:featuredmedia":[{"embeddable":true,"href":"https:\/\/casadolivreiro.pt\/index.php\/wp-json\/wp\/v2\/media\/2029"}],"wp:attachment":[{"href":"https:\/\/casadolivreiro.pt\/index.php\/wp-json\/wp\/v2\/media?parent=2028"}],"wp:term":[{"taxonomy":"product_cat","embeddable":true,"href":"https:\/\/casadolivreiro.pt\/index.php\/wp-json\/wp\/v2\/product_cat?post=2028"},{"taxonomy":"product_tag","embeddable":true,"href":"https:\/\/casadolivreiro.pt\/index.php\/wp-json\/wp\/v2\/product_tag?post=2028"}],"curies":[{"name":"wp","href":"https:\/\/api.w.org\/{rel}","templated":true}]}}