{"id":2024,"date":"2024-04-05T23:20:09","date_gmt":"2024-04-05T23:20:09","guid":{"rendered":"https:\/\/casadolivreiro.pt\/?post_type=product&#038;p=2024"},"modified":"2024-04-05T23:20:09","modified_gmt":"2024-04-05T23:20:09","slug":"como-proteger-a-saude-e-a-beleza-com-a-simples-pressao-de-um-dedo-dr-roger-dalet","status":"publish","type":"product","link":"https:\/\/casadolivreiro.pt\/index.php\/product\/como-proteger-a-saude-e-a-beleza-com-a-simples-pressao-de-um-dedo-dr-roger-dalet\/","title":{"rendered":"COMO PROTEGER A SA\u00daDE E A BELEZA COM A SIMPLES PRESS\u00c3O DE UM DEDO &#8211; Dr. Roger Dalet"},"content":{"rendered":"<p>COMO PROTEGER A SA\u00daDE E A BELEZA COM A SIMPLES PRESS\u00c3O DE UM DEDO<br \/>\nDr. Roger Dalet<br \/>\nTradu\u00e7\u00e3o de J. Fonseca<br \/>\nColec\u00e7\u00e3o Arte de Viver<br \/>\nAno de edi\u00e7\u00e3o: 1980<br \/>\nEditor: Publica\u00e7\u00f5es Europa-Am\u00e9rica<br \/>\nIdioma: Portugu\u00eas<br \/>\nDimens\u00f5es: 14 x 0.9 x 20.5 cm<br \/>\nEncaderna\u00e7\u00e3o: Capa mole<br \/>\nP\u00e1ginas: 158<\/p>\n","protected":false},"excerpt":{"rendered":"<p>COMO PROTEGER A SA\u00daDE E A BELEZA COM A SIMPLES PRESS\u00c3O DE UM DEDO Dr. Roger Dalet Tradu\u00e7\u00e3o de J. Fonseca Colec\u00e7\u00e3o Arte de Viver Ano de edi\u00e7\u00e3o: 1980 Editor: Publica\u00e7\u00f5es Europa-Am\u00e9rica Idioma: Portugu\u00eas Dimens\u00f5es: 14 x 0.9 x 20.5 cm Encaderna\u00e7\u00e3o: Capa mole P\u00e1ginas: 158<\/p>\n","protected":false},"featured_media":2025,"comment_status":"open","ping_status":"closed","template":"","meta":{"om_disable_all_campaigns":false,"_monsterinsights_skip_tracking":false,"_monsterinsights_sitenote_active":false,"_monsterinsights_sitenote_note":"","_monsterinsights_sitenote_category":0,"_uf_show_specific_survey":0,"_uf_disable_surveys":false},"product_cat":[43,66],"product_tag":[],"aioseo_notices":[],"jetpack_sharing_enabled":true,"_links":{"self":[{"href":"https:\/\/casadolivreiro.pt\/index.php\/wp-json\/wp\/v2\/product\/2024"}],"collection":[{"href":"https:\/\/casadolivreiro.pt\/index.php\/wp-json\/wp\/v2\/product"}],"about":[{"href":"https:\/\/casadolivreiro.pt\/index.php\/wp-json\/wp\/v2\/types\/product"}],"replies":[{"embeddable":true,"href":"https:\/\/casadolivreiro.pt\/index.php\/wp-json\/wp\/v2\/comments?post=2024"}],"wp:featuredmedia":[{"embeddable":true,"href":"https:\/\/casadolivreiro.pt\/index.php\/wp-json\/wp\/v2\/media\/2025"}],"wp:attachment":[{"href":"https:\/\/casadolivreiro.pt\/index.php\/wp-json\/wp\/v2\/media?parent=2024"}],"wp:term":[{"taxonomy":"product_cat","embeddable":true,"href":"https:\/\/casadolivreiro.pt\/index.php\/wp-json\/wp\/v2\/product_cat?post=2024"},{"taxonomy":"product_tag","embeddable":true,"href":"https:\/\/casadolivreiro.pt\/index.php\/wp-json\/wp\/v2\/product_tag?post=2024"}],"curies":[{"name":"wp","href":"https:\/\/api.w.org\/{rel}","templated":true}]}}