{"id":2022,"date":"2024-04-05T23:16:09","date_gmt":"2024-04-05T23:16:09","guid":{"rendered":"https:\/\/casadolivreiro.pt\/?post_type=product&#038;p=2022"},"modified":"2024-04-05T23:16:09","modified_gmt":"2024-04-05T23:16:09","slug":"socorro-tenho-um-filho-adolescente-guia-de-sobrevivencia-para-pais-desesperados-r-t-bayard-e-j-bayard","status":"publish","type":"product","link":"https:\/\/casadolivreiro.pt\/index.php\/product\/socorro-tenho-um-filho-adolescente-guia-de-sobrevivencia-para-pais-desesperados-r-t-bayard-e-j-bayard\/","title":{"rendered":"SOCORRO! TENHO UM FILHO ADOLESCENTE: Guia de sobreviv\u00eancia para pais desesperados &#8211; R.T. Bayard e J. Bayard"},"content":{"rendered":"<p>SOCORRO! TENHO UM FILHO ADOLESCENTE: Guia de sobreviv\u00eancia para pais desesperados<br \/>\nR.T. Bayard e J. Bayard<br \/>\nTradu\u00e7\u00e3o de Ana Barradas<br \/>\nISBN: 972-710-016-3<br \/>\nAno de edi\u00e7\u00e3o:\u00a0 1991<br \/>\nEditor: Terramar, PT<br \/>\nIdioma: Portugu\u00eas<br \/>\nDimens\u00f5es: 13.5 x 1.5 x 21 cm<br \/>\nEncaderna\u00e7\u00e3o: Capa mole<br \/>\nP\u00e1ginas: 275<\/p>\n","protected":false},"excerpt":{"rendered":"<p>SOCORRO! TENHO UM FILHO ADOLESCENTE: Guia de sobreviv\u00eancia para pais desesperados R.T. Bayard e J. Bayard Tradu\u00e7\u00e3o de Ana Barradas ISBN: 972-710-016-3 Ano de edi\u00e7\u00e3o:\u00a0 1991 Editor: Terramar, PT Idioma: Portugu\u00eas Dimens\u00f5es: 13.5 x 1.5 x 21 cm Encaderna\u00e7\u00e3o: Capa mole P\u00e1ginas: 275<\/p>\n","protected":false},"featured_media":2023,"comment_status":"open","ping_status":"closed","template":"","meta":{"om_disable_all_campaigns":false,"_monsterinsights_skip_tracking":false,"_monsterinsights_sitenote_active":false,"_monsterinsights_sitenote_note":"","_monsterinsights_sitenote_category":0,"_uf_show_specific_survey":0,"_uf_disable_surveys":false},"product_cat":[47,43,66],"product_tag":[],"aioseo_notices":[],"jetpack_sharing_enabled":true,"_links":{"self":[{"href":"https:\/\/casadolivreiro.pt\/index.php\/wp-json\/wp\/v2\/product\/2022"}],"collection":[{"href":"https:\/\/casadolivreiro.pt\/index.php\/wp-json\/wp\/v2\/product"}],"about":[{"href":"https:\/\/casadolivreiro.pt\/index.php\/wp-json\/wp\/v2\/types\/product"}],"replies":[{"embeddable":true,"href":"https:\/\/casadolivreiro.pt\/index.php\/wp-json\/wp\/v2\/comments?post=2022"}],"wp:featuredmedia":[{"embeddable":true,"href":"https:\/\/casadolivreiro.pt\/index.php\/wp-json\/wp\/v2\/media\/2023"}],"wp:attachment":[{"href":"https:\/\/casadolivreiro.pt\/index.php\/wp-json\/wp\/v2\/media?parent=2022"}],"wp:term":[{"taxonomy":"product_cat","embeddable":true,"href":"https:\/\/casadolivreiro.pt\/index.php\/wp-json\/wp\/v2\/product_cat?post=2022"},{"taxonomy":"product_tag","embeddable":true,"href":"https:\/\/casadolivreiro.pt\/index.php\/wp-json\/wp\/v2\/product_tag?post=2022"}],"curies":[{"name":"wp","href":"https:\/\/api.w.org\/{rel}","templated":true}]}}