{"id":2020,"date":"2024-04-05T23:09:57","date_gmt":"2024-04-05T23:09:57","guid":{"rendered":"https:\/\/casadolivreiro.pt\/?post_type=product&#038;p=2020"},"modified":"2024-04-05T23:09:57","modified_gmt":"2024-04-05T23:09:57","slug":"memorias-de-infancia-e-de-miseria-seguido-de-carta-da-siberia-guselle-amalrik","status":"publish","type":"product","link":"https:\/\/casadolivreiro.pt\/index.php\/product\/memorias-de-infancia-e-de-miseria-seguido-de-carta-da-siberia-guselle-amalrik\/","title":{"rendered":"MEM\u00d3RIAS DE INF\u00c2NCIA E DE MIS\u00c9RIA seguido de Carta da Sib\u00e9ria &#8211; Guselle Amalrik"},"content":{"rendered":"<p>MEM\u00d3RIAS DE INF\u00c2NCIA E DE MIS\u00c9RIA seguido de Carta da Sib\u00e9ria<br \/>\nGuselle Amalrik<br \/>\nTradu\u00e7\u00e3o de Jos\u00e9\u00a0 Somera<br \/>\nAno de edi\u00e7\u00e3o:\u00a0 1977<br \/>\nEditor: Perspectivas &amp; Realidades<br \/>\nIdioma: Portugu\u00eas<br \/>\nDimens\u00f5es: 14 x 1.1 x 21 cm<br \/>\nEncaderna\u00e7\u00e3o: Capa mole<br \/>\nP\u00e1ginas: 182<\/p>\n","protected":false},"excerpt":{"rendered":"<p>MEM\u00d3RIAS DE INF\u00c2NCIA E DE MIS\u00c9RIA seguido de Carta da Sib\u00e9ria Guselle Amalrik Tradu\u00e7\u00e3o de Jos\u00e9\u00a0 Somera Ano de edi\u00e7\u00e3o:\u00a0 1977 Editor: Perspectivas &amp; Realidades Idioma: Portugu\u00eas Dimens\u00f5es: 14 x 1.1 x 21 cm Encaderna\u00e7\u00e3o: Capa mole P\u00e1ginas: 182<\/p>\n","protected":false},"featured_media":2021,"comment_status":"open","ping_status":"closed","template":"","meta":{"om_disable_all_campaigns":false,"_monsterinsights_skip_tracking":false,"_monsterinsights_sitenote_active":false,"_monsterinsights_sitenote_note":"","_monsterinsights_sitenote_category":0,"_uf_show_specific_survey":0,"_uf_disable_surveys":false},"product_cat":[36],"product_tag":[],"aioseo_notices":[],"jetpack_sharing_enabled":true,"_links":{"self":[{"href":"https:\/\/casadolivreiro.pt\/index.php\/wp-json\/wp\/v2\/product\/2020"}],"collection":[{"href":"https:\/\/casadolivreiro.pt\/index.php\/wp-json\/wp\/v2\/product"}],"about":[{"href":"https:\/\/casadolivreiro.pt\/index.php\/wp-json\/wp\/v2\/types\/product"}],"replies":[{"embeddable":true,"href":"https:\/\/casadolivreiro.pt\/index.php\/wp-json\/wp\/v2\/comments?post=2020"}],"wp:featuredmedia":[{"embeddable":true,"href":"https:\/\/casadolivreiro.pt\/index.php\/wp-json\/wp\/v2\/media\/2021"}],"wp:attachment":[{"href":"https:\/\/casadolivreiro.pt\/index.php\/wp-json\/wp\/v2\/media?parent=2020"}],"wp:term":[{"taxonomy":"product_cat","embeddable":true,"href":"https:\/\/casadolivreiro.pt\/index.php\/wp-json\/wp\/v2\/product_cat?post=2020"},{"taxonomy":"product_tag","embeddable":true,"href":"https:\/\/casadolivreiro.pt\/index.php\/wp-json\/wp\/v2\/product_tag?post=2020"}],"curies":[{"name":"wp","href":"https:\/\/api.w.org\/{rel}","templated":true}]}}