{"id":2018,"date":"2024-04-05T23:06:27","date_gmt":"2024-04-05T23:06:27","guid":{"rendered":"https:\/\/casadolivreiro.pt\/?post_type=product&#038;p=2018"},"modified":"2025-11-11T16:08:41","modified_gmt":"2025-11-11T16:08:41","slug":"o-triangulo-mistico-portugues-fatima-tomar-ladeira-do-pinheiro-antonio-carlos-carvalho","status":"publish","type":"product","link":"https:\/\/casadolivreiro.pt\/index.php\/product\/o-triangulo-mistico-portugues-fatima-tomar-ladeira-do-pinheiro-antonio-carlos-carvalho\/","title":{"rendered":"O TRI\u00c2NGULO M\u00cdSTICO PORTUGU\u00caS: F\u00e1tima-Tomar-Ladeira do Pinheiro &#8211; Ant\u00f3nio Carlos Carvalho"},"content":{"rendered":"<p>O TRI\u00c2NGULO M\u00cdSTICO PORTUGU\u00caS: F\u00e1tima-Tomar-Ladeira do Pinheiro<br \/>\nAnt\u00f3nio Carlos Carvalho<br \/>\nAno de edi\u00e7\u00e3o:\u00a0\u00a0 1980<br \/>\nEditor: Liber<br \/>\nIdioma: Portugu\u00eas<br \/>\nDimens\u00f5es: 14.5 x 1.1 x 21 cm<br \/>\nEncaderna\u00e7\u00e3o: Capa mole<br \/>\nP\u00e1ginas: 136<\/p>\n<p>Estudo sobre a import\u00e2ncia desempenhada por F\u00e1tima, Tomar e Ladeira do Pinheiro na constru\u00e7\u00e3o do \u00abTri\u00e2ngulo M\u00edstico Portugu\u00eas\u00bb. Dedicando um cap\u00edtulo a cada um destes pontos geogr\u00e1ficos, o autor aponta as semelhan\u00e7as que se estabelecem entre os tr\u00eas, propondo ainda v\u00e1rias teses sobre o \u00abDestino de Portugal\u00bb.<\/p>\n","protected":false},"excerpt":{"rendered":"<p>O TRI\u00c2NGULO M\u00cdSTICO PORTUGU\u00caS: F\u00e1tima-Tomar-Ladeira do Pinheiro Ant\u00f3nio Carlos Carvalho Ano de edi\u00e7\u00e3o:\u00a0\u00a0 1980 Editor: Liber Idioma: Portugu\u00eas Dimens\u00f5es: 14.5 x 1.1 x 21 cm Encaderna\u00e7\u00e3o: Capa mole P\u00e1ginas: 136 Estudo sobre a import\u00e2ncia desempenhada por F\u00e1tima, Tomar e Ladeira do Pinheiro na constru\u00e7\u00e3o do \u00abTri\u00e2ngulo M\u00edstico Portugu\u00eas\u00bb. Dedicando um cap\u00edtulo a cada um destes [&hellip;]<\/p>\n","protected":false},"featured_media":2019,"comment_status":"open","ping_status":"closed","template":"","meta":{"om_disable_all_campaigns":false,"_monsterinsights_skip_tracking":false,"_monsterinsights_sitenote_active":false,"_monsterinsights_sitenote_note":"","_monsterinsights_sitenote_category":0,"_uf_show_specific_survey":0,"_uf_disable_surveys":false},"product_cat":[33],"product_tag":[],"aioseo_notices":[],"jetpack_sharing_enabled":true,"_links":{"self":[{"href":"https:\/\/casadolivreiro.pt\/index.php\/wp-json\/wp\/v2\/product\/2018"}],"collection":[{"href":"https:\/\/casadolivreiro.pt\/index.php\/wp-json\/wp\/v2\/product"}],"about":[{"href":"https:\/\/casadolivreiro.pt\/index.php\/wp-json\/wp\/v2\/types\/product"}],"replies":[{"embeddable":true,"href":"https:\/\/casadolivreiro.pt\/index.php\/wp-json\/wp\/v2\/comments?post=2018"}],"wp:featuredmedia":[{"embeddable":true,"href":"https:\/\/casadolivreiro.pt\/index.php\/wp-json\/wp\/v2\/media\/2019"}],"wp:attachment":[{"href":"https:\/\/casadolivreiro.pt\/index.php\/wp-json\/wp\/v2\/media?parent=2018"}],"wp:term":[{"taxonomy":"product_cat","embeddable":true,"href":"https:\/\/casadolivreiro.pt\/index.php\/wp-json\/wp\/v2\/product_cat?post=2018"},{"taxonomy":"product_tag","embeddable":true,"href":"https:\/\/casadolivreiro.pt\/index.php\/wp-json\/wp\/v2\/product_tag?post=2018"}],"curies":[{"name":"wp","href":"https:\/\/api.w.org\/{rel}","templated":true}]}}