{"id":2016,"date":"2024-04-05T23:02:00","date_gmt":"2024-04-05T23:02:00","guid":{"rendered":"https:\/\/casadolivreiro.pt\/?post_type=product&#038;p=2016"},"modified":"2024-04-05T23:02:00","modified_gmt":"2024-04-05T23:02:00","slug":"os-deuses-morrem-de-manha-gilbert-prouteau","status":"publish","type":"product","link":"https:\/\/casadolivreiro.pt\/index.php\/product\/os-deuses-morrem-de-manha-gilbert-prouteau\/","title":{"rendered":"OS DEUSES MORREM DE MANH\u00c3 &#8211; Gilbert Prouteau"},"content":{"rendered":"<p>OS DEUSES MORREM DE MANH\u00c3<br \/>\nGilbert Prouteau<br \/>\nTradu\u00e7\u00e3o de Carlos Ara\u00fajo<br \/>\nColec\u00e7\u00e3o Documentos Humanos No. 26<br \/>\nAno de edi\u00e7\u00e3o:\u00a0\u00a0 1969<br \/>\nEditor: Portug\u00e1lia Editora, Lisboa<br \/>\nIdioma: Portugu\u00eas<br \/>\nDimens\u00f5es: 13.3 x 1.7 x 20 cm<br \/>\nEncaderna\u00e7\u00e3o: Capa mole<br \/>\nP\u00e1ginas: 295<\/p>\n","protected":false},"excerpt":{"rendered":"<p>OS DEUSES MORREM DE MANH\u00c3 Gilbert Prouteau Tradu\u00e7\u00e3o de Carlos Ara\u00fajo Colec\u00e7\u00e3o Documentos Humanos No. 26 Ano de edi\u00e7\u00e3o:\u00a0\u00a0 1969 Editor: Portug\u00e1lia Editora, Lisboa Idioma: Portugu\u00eas Dimens\u00f5es: 13.3 x 1.7 x 20 cm Encaderna\u00e7\u00e3o: Capa mole P\u00e1ginas: 295<\/p>\n","protected":false},"featured_media":2017,"comment_status":"open","ping_status":"closed","template":"","meta":{"om_disable_all_campaigns":false,"_monsterinsights_skip_tracking":false,"_monsterinsights_sitenote_active":false,"_monsterinsights_sitenote_note":"","_monsterinsights_sitenote_category":0,"_uf_show_specific_survey":0,"_uf_disable_surveys":false},"product_cat":[31,47,29],"product_tag":[],"aioseo_notices":[],"jetpack_sharing_enabled":true,"_links":{"self":[{"href":"https:\/\/casadolivreiro.pt\/index.php\/wp-json\/wp\/v2\/product\/2016"}],"collection":[{"href":"https:\/\/casadolivreiro.pt\/index.php\/wp-json\/wp\/v2\/product"}],"about":[{"href":"https:\/\/casadolivreiro.pt\/index.php\/wp-json\/wp\/v2\/types\/product"}],"replies":[{"embeddable":true,"href":"https:\/\/casadolivreiro.pt\/index.php\/wp-json\/wp\/v2\/comments?post=2016"}],"wp:featuredmedia":[{"embeddable":true,"href":"https:\/\/casadolivreiro.pt\/index.php\/wp-json\/wp\/v2\/media\/2017"}],"wp:attachment":[{"href":"https:\/\/casadolivreiro.pt\/index.php\/wp-json\/wp\/v2\/media?parent=2016"}],"wp:term":[{"taxonomy":"product_cat","embeddable":true,"href":"https:\/\/casadolivreiro.pt\/index.php\/wp-json\/wp\/v2\/product_cat?post=2016"},{"taxonomy":"product_tag","embeddable":true,"href":"https:\/\/casadolivreiro.pt\/index.php\/wp-json\/wp\/v2\/product_tag?post=2016"}],"curies":[{"name":"wp","href":"https:\/\/api.w.org\/{rel}","templated":true}]}}