{"id":2013,"date":"2024-04-05T19:57:15","date_gmt":"2024-04-05T19:57:15","guid":{"rendered":"https:\/\/casadolivreiro.pt\/?post_type=product&#038;p=2013"},"modified":"2024-04-05T19:57:15","modified_gmt":"2024-04-05T19:57:15","slug":"historia-da-magia-do-ocultismo-e-das-sociedades-secretas-tomo-viii-na-idade-do-atomo-danielle-hemmert-alex-roudene","status":"publish","type":"product","link":"https:\/\/casadolivreiro.pt\/index.php\/product\/historia-da-magia-do-ocultismo-e-das-sociedades-secretas-tomo-viii-na-idade-do-atomo-danielle-hemmert-alex-roudene\/","title":{"rendered":"HIST\u00d3RIA DA MAGIA DO OCULTISMO E DAS SOCIEDADES SECRETAS, Tomo VIII ( Na Idade do \u00c1tomo) &#8211; Danielle Hemmert, Alex Roudene"},"content":{"rendered":"<p>HIST\u00d3RIA DA MAGIA DO OCULTISMO E DAS SOCIEDADES SECRETAS, Tomo VIII ( Na Idade do \u00c1tomo)<br \/>\nDanielle Hemmert, Alex Roudene<br \/>\nTradu\u00e7\u00e3o de Pedro Reis<br \/>\nAno de edi\u00e7\u00e3o:<br \/>\nEditor: Amigos do Livro<br \/>\nIdioma: Portugu\u00eas<br \/>\nDimens\u00f5es: 11.5 x 2.3 x 20 cm<br \/>\nEncaderna\u00e7\u00e3o: Capa dura<br \/>\nP\u00e1ginas: 300<\/p>\n","protected":false},"excerpt":{"rendered":"<p>HIST\u00d3RIA DA MAGIA DO OCULTISMO E DAS SOCIEDADES SECRETAS, Tomo VIII ( Na Idade do \u00c1tomo) Danielle Hemmert, Alex Roudene Tradu\u00e7\u00e3o de Pedro Reis Ano de edi\u00e7\u00e3o: Editor: Amigos do Livro Idioma: Portugu\u00eas Dimens\u00f5es: 11.5 x 2.3 x 20 cm Encaderna\u00e7\u00e3o: Capa dura P\u00e1ginas: 300<\/p>\n","protected":false},"featured_media":2014,"comment_status":"open","ping_status":"closed","template":"","meta":{"om_disable_all_campaigns":false,"_monsterinsights_skip_tracking":false,"_monsterinsights_sitenote_active":false,"_monsterinsights_sitenote_note":"","_monsterinsights_sitenote_category":0,"_uf_show_specific_survey":0,"_uf_disable_surveys":false},"product_cat":[33],"product_tag":[],"aioseo_notices":[{"message":"The permalink for this post just changed! This could result in 404 errors for your site visitors.","status":"warning","options":{"id":"0a2ae5f84bc2c0423042ed7ec22d2e40","isDismissible":true,"actions":[{"url":"https:\/\/casadolivreiro.pt\/wp-admin\/admin.php?page=aioseo-redirects","label":"Add Redirect to improve SEO","class":"aioseo-redirects-slug-changed"}]},"allowedContexts":["posts"]}],"jetpack_sharing_enabled":true,"_links":{"self":[{"href":"https:\/\/casadolivreiro.pt\/index.php\/wp-json\/wp\/v2\/product\/2013"}],"collection":[{"href":"https:\/\/casadolivreiro.pt\/index.php\/wp-json\/wp\/v2\/product"}],"about":[{"href":"https:\/\/casadolivreiro.pt\/index.php\/wp-json\/wp\/v2\/types\/product"}],"replies":[{"embeddable":true,"href":"https:\/\/casadolivreiro.pt\/index.php\/wp-json\/wp\/v2\/comments?post=2013"}],"wp:featuredmedia":[{"embeddable":true,"href":"https:\/\/casadolivreiro.pt\/index.php\/wp-json\/wp\/v2\/media\/2014"}],"wp:attachment":[{"href":"https:\/\/casadolivreiro.pt\/index.php\/wp-json\/wp\/v2\/media?parent=2013"}],"wp:term":[{"taxonomy":"product_cat","embeddable":true,"href":"https:\/\/casadolivreiro.pt\/index.php\/wp-json\/wp\/v2\/product_cat?post=2013"},{"taxonomy":"product_tag","embeddable":true,"href":"https:\/\/casadolivreiro.pt\/index.php\/wp-json\/wp\/v2\/product_tag?post=2013"}],"curies":[{"name":"wp","href":"https:\/\/api.w.org\/{rel}","templated":true}]}}