{"id":2011,"date":"2024-04-05T19:53:01","date_gmt":"2024-04-05T19:53:01","guid":{"rendered":"https:\/\/casadolivreiro.pt\/?post_type=product&#038;p=2011"},"modified":"2026-01-11T14:42:09","modified_gmt":"2026-01-11T14:42:09","slug":"uma-esperanca-mais-forte-do-que-o-mar-melissa-fleming","status":"publish","type":"product","link":"https:\/\/casadolivreiro.pt\/index.php\/product\/uma-esperanca-mais-forte-do-que-o-mar-melissa-fleming\/","title":{"rendered":"UMA ESPERAN\u00c7A MAIS FORTE DO QUE O MAR &#8211; Melissa Fleming"},"content":{"rendered":"<p>UMA ESPERAN\u00c7A MAIS FORTE DO QUE O MAR<br \/>\nMelissa Fleming<br \/>\nPref\u00e1cio de Rui Marques<br \/>\nTradu\u00e7\u00e3o de Ana Maria Chaves<br \/>\nISBN: 978-972-0-04894-3<br \/>\nAno de edi\u00e7\u00e3o:\u00a0\u00a0 2017\u00a0 (1.a Edi\u00e7\u00e3o)<br \/>\nEditor: Porto Editora, Porto<br \/>\nIdioma: Portugu\u00eas<br \/>\nDimens\u00f5es: 15 x 1.9 x 23.5 cm<br \/>\nEncaderna\u00e7\u00e3o: Capa mole<br \/>\nP\u00e1ginas: 236<\/p>\n","protected":false},"excerpt":{"rendered":"<p>UMA ESPERAN\u00c7A MAIS FORTE DO QUE O MAR Melissa Fleming Pref\u00e1cio de Rui Marques Tradu\u00e7\u00e3o de Ana Maria Chaves ISBN: 978-972-0-04894-3 Ano de edi\u00e7\u00e3o:\u00a0\u00a0 2017\u00a0 (1.a Edi\u00e7\u00e3o) Editor: Porto Editora, Porto Idioma: Portugu\u00eas Dimens\u00f5es: 15 x 1.9 x 23.5 cm Encaderna\u00e7\u00e3o: Capa mole P\u00e1ginas: 236<\/p>\n","protected":false},"featured_media":2012,"comment_status":"open","ping_status":"closed","template":"","meta":{"om_disable_all_campaigns":false,"_monsterinsights_skip_tracking":false,"_monsterinsights_sitenote_active":false,"_monsterinsights_sitenote_note":"","_monsterinsights_sitenote_category":0,"_uf_show_specific_survey":0,"_uf_disable_surveys":false},"product_cat":[36],"product_tag":[],"aioseo_notices":[],"jetpack_sharing_enabled":true,"_links":{"self":[{"href":"https:\/\/casadolivreiro.pt\/index.php\/wp-json\/wp\/v2\/product\/2011"}],"collection":[{"href":"https:\/\/casadolivreiro.pt\/index.php\/wp-json\/wp\/v2\/product"}],"about":[{"href":"https:\/\/casadolivreiro.pt\/index.php\/wp-json\/wp\/v2\/types\/product"}],"replies":[{"embeddable":true,"href":"https:\/\/casadolivreiro.pt\/index.php\/wp-json\/wp\/v2\/comments?post=2011"}],"wp:featuredmedia":[{"embeddable":true,"href":"https:\/\/casadolivreiro.pt\/index.php\/wp-json\/wp\/v2\/media\/2012"}],"wp:attachment":[{"href":"https:\/\/casadolivreiro.pt\/index.php\/wp-json\/wp\/v2\/media?parent=2011"}],"wp:term":[{"taxonomy":"product_cat","embeddable":true,"href":"https:\/\/casadolivreiro.pt\/index.php\/wp-json\/wp\/v2\/product_cat?post=2011"},{"taxonomy":"product_tag","embeddable":true,"href":"https:\/\/casadolivreiro.pt\/index.php\/wp-json\/wp\/v2\/product_tag?post=2011"}],"curies":[{"name":"wp","href":"https:\/\/api.w.org\/{rel}","templated":true}]}}