{"id":1999,"date":"2024-04-05T19:39:09","date_gmt":"2024-04-05T19:39:09","guid":{"rendered":"https:\/\/casadolivreiro.pt\/?post_type=product&#038;p=1999"},"modified":"2024-04-05T19:39:09","modified_gmt":"2024-04-05T19:39:09","slug":"o-crepusculo-dos-vampiros-6-volumes-sebastian-rook","status":"publish","type":"product","link":"https:\/\/casadolivreiro.pt\/index.php\/product\/o-crepusculo-dos-vampiros-6-volumes-sebastian-rook\/","title":{"rendered":"O CREP\u00daSCULO DOS VAMPIROS  ( 6 Volumes) &#8211; Sebastian Rook"},"content":{"rendered":"<p>O CREP\u00daSCULO DOS VAMPIROS\u00a0 ( 6 Volumes)<br \/>\nSebastian Rook<br \/>\nAno de edi\u00e7\u00e3o:\u00a0 2010<br \/>\nEditor: QuidNovi \u2013 Edi\u00e7\u00e3o e Conte\u00fados S.A.<br \/>\nIdioma: Portugu\u00eas<br \/>\nDimens\u00f5es: 15 x 0.7 x 23 cm cada livro<br \/>\nEncaderna\u00e7\u00e3o: Capa mole<br \/>\nVol. 1 &#8211; LONDRES, 1850, ISBN: 978-989-554-680-0, Tradu\u00e7\u00e3o: Cristina Paix\u00e3o, P\u00e1ginas: 159<br \/>\nVol. 2 \u2013 PARIS, 1850 ISBN: 978-989-554-681-7, Tradu\u00e7\u00e3o: Idalina\u00a0 Morgado, P\u00e1ginas: 159<br \/>\nVol.3 -M\u00c9XICO, 1850, ISBN: 978-989-554-682-4, Tradu\u00e7\u00e3o: Cristina Paix\u00e3o, P\u00e1ginas: 159<br \/>\nVol. 4 \u2013 A PRAGA ISBN: 978-989-554-683-1, Tradu\u00e7\u00e3o: Idalino Morgado, P\u00e1ginas: 158<br \/>\nVol. 5 \u2013 A EPIDEMIA ISBN: 978-989-554-684-8, Tradu\u00e7\u00e3o: Idalino Morgado, P\u00e1ginas: 158<br \/>\nVol. 6 \u2013 O EXTERMINIO ISBN: 978-989-554-685-5, Tradu\u00e7\u00e3o: Maria Correia, P\u00e1ginas: 15<\/p>\n","protected":false},"excerpt":{"rendered":"<p>O CREP\u00daSCULO DOS VAMPIROS\u00a0 ( 6 Volumes) Sebastian Rook Ano de edi\u00e7\u00e3o:\u00a0 2010 Editor: QuidNovi \u2013 Edi\u00e7\u00e3o e Conte\u00fados S.A. Idioma: Portugu\u00eas Dimens\u00f5es: 15 x 0.7 x 23 cm cada livro Encaderna\u00e7\u00e3o: Capa mole Vol. 1 &#8211; LONDRES, 1850, ISBN: 978-989-554-680-0, Tradu\u00e7\u00e3o: Cristina Paix\u00e3o, P\u00e1ginas: 159 Vol. 2 \u2013 PARIS, 1850 ISBN: 978-989-554-681-7, Tradu\u00e7\u00e3o: Idalina\u00a0 [&hellip;]<\/p>\n","protected":false},"featured_media":2006,"comment_status":"open","ping_status":"closed","template":"","meta":{"om_disable_all_campaigns":false,"_monsterinsights_skip_tracking":false,"_monsterinsights_sitenote_active":false,"_monsterinsights_sitenote_note":"","_monsterinsights_sitenote_category":0,"_uf_show_specific_survey":0,"_uf_disable_surveys":false},"product_cat":[34,44],"product_tag":[],"aioseo_notices":[],"jetpack_sharing_enabled":true,"_links":{"self":[{"href":"https:\/\/casadolivreiro.pt\/index.php\/wp-json\/wp\/v2\/product\/1999"}],"collection":[{"href":"https:\/\/casadolivreiro.pt\/index.php\/wp-json\/wp\/v2\/product"}],"about":[{"href":"https:\/\/casadolivreiro.pt\/index.php\/wp-json\/wp\/v2\/types\/product"}],"replies":[{"embeddable":true,"href":"https:\/\/casadolivreiro.pt\/index.php\/wp-json\/wp\/v2\/comments?post=1999"}],"wp:featuredmedia":[{"embeddable":true,"href":"https:\/\/casadolivreiro.pt\/index.php\/wp-json\/wp\/v2\/media\/2006"}],"wp:attachment":[{"href":"https:\/\/casadolivreiro.pt\/index.php\/wp-json\/wp\/v2\/media?parent=1999"}],"wp:term":[{"taxonomy":"product_cat","embeddable":true,"href":"https:\/\/casadolivreiro.pt\/index.php\/wp-json\/wp\/v2\/product_cat?post=1999"},{"taxonomy":"product_tag","embeddable":true,"href":"https:\/\/casadolivreiro.pt\/index.php\/wp-json\/wp\/v2\/product_tag?post=1999"}],"curies":[{"name":"wp","href":"https:\/\/api.w.org\/{rel}","templated":true}]}}