{"id":1996,"date":"2024-04-04T21:43:42","date_gmt":"2024-04-04T21:43:42","guid":{"rendered":"https:\/\/casadolivreiro.pt\/?post_type=product&#038;p=1996"},"modified":"2024-04-04T21:43:42","modified_gmt":"2024-04-04T21:43:42","slug":"lencyclopedie-des-parents-modernes","status":"publish","type":"product","link":"https:\/\/casadolivreiro.pt\/index.php\/product\/lencyclopedie-des-parents-modernes\/","title":{"rendered":"L\u2019ENCYCLOP\u00c9DIE DES PARENTS MODERNES"},"content":{"rendered":"<p>L\u2019ENCYCLOP\u00c9DIE DES PARENTS MODERNES<br \/>\nAno de edi\u00e7\u00e3o:\u00a0\u00a0 1963<br \/>\nEditor: \u00c9ditions Deno\u00ebl, Paris<br \/>\nIdioma: Franc\u00eas<br \/>\nDimens\u00f5es: 18 x 5 x 20.5 cm<br \/>\nEncaderna\u00e7\u00e3o: Capa dura<br \/>\nP\u00e1ginas: 511<\/p>\n","protected":false},"excerpt":{"rendered":"<p>L\u2019ENCYCLOP\u00c9DIE DES PARENTS MODERNES Ano de edi\u00e7\u00e3o:\u00a0\u00a0 1963 Editor: \u00c9ditions Deno\u00ebl, Paris Idioma: Franc\u00eas Dimens\u00f5es: 18 x 5 x 20.5 cm Encaderna\u00e7\u00e3o: Capa dura P\u00e1ginas: 511<\/p>\n","protected":false},"featured_media":1997,"comment_status":"open","ping_status":"closed","template":"","meta":{"om_disable_all_campaigns":false,"_monsterinsights_skip_tracking":false,"_monsterinsights_sitenote_active":false,"_monsterinsights_sitenote_note":"","_monsterinsights_sitenote_category":0,"_uf_show_specific_survey":0,"_uf_disable_surveys":false},"product_cat":[46,47,56,66],"product_tag":[],"aioseo_notices":[],"jetpack_sharing_enabled":true,"_links":{"self":[{"href":"https:\/\/casadolivreiro.pt\/index.php\/wp-json\/wp\/v2\/product\/1996"}],"collection":[{"href":"https:\/\/casadolivreiro.pt\/index.php\/wp-json\/wp\/v2\/product"}],"about":[{"href":"https:\/\/casadolivreiro.pt\/index.php\/wp-json\/wp\/v2\/types\/product"}],"replies":[{"embeddable":true,"href":"https:\/\/casadolivreiro.pt\/index.php\/wp-json\/wp\/v2\/comments?post=1996"}],"wp:featuredmedia":[{"embeddable":true,"href":"https:\/\/casadolivreiro.pt\/index.php\/wp-json\/wp\/v2\/media\/1997"}],"wp:attachment":[{"href":"https:\/\/casadolivreiro.pt\/index.php\/wp-json\/wp\/v2\/media?parent=1996"}],"wp:term":[{"taxonomy":"product_cat","embeddable":true,"href":"https:\/\/casadolivreiro.pt\/index.php\/wp-json\/wp\/v2\/product_cat?post=1996"},{"taxonomy":"product_tag","embeddable":true,"href":"https:\/\/casadolivreiro.pt\/index.php\/wp-json\/wp\/v2\/product_tag?post=1996"}],"curies":[{"name":"wp","href":"https:\/\/api.w.org\/{rel}","templated":true}]}}