{"id":1991,"date":"2024-04-04T21:35:50","date_gmt":"2024-04-04T21:35:50","guid":{"rendered":"https:\/\/casadolivreiro.pt\/?post_type=product&#038;p=1991"},"modified":"2024-04-04T21:35:50","modified_gmt":"2024-04-04T21:35:50","slug":"les-techniques-de-lart-jean-rudel-elisabeth-brit-sandra-costa-philippe-piguet","status":"publish","type":"product","link":"https:\/\/casadolivreiro.pt\/index.php\/product\/les-techniques-de-lart-jean-rudel-elisabeth-brit-sandra-costa-philippe-piguet\/","title":{"rendered":"LES TECHNIQUES DE L\u2019ART &#8211; Jean Rudel, Elisabeth Brit, Sandra Costa, Philippe Piguet"},"content":{"rendered":"<p>LES TECHNIQUES DE L\u2019ART<br \/>\nJean Rudel, Elisabeth Brit, Sandra Costa, Philippe Piguet<br \/>\nISBN: 2-08-012254-1<br \/>\nAno de edi\u00e7\u00e3o:\u00a0\u00a0 1999<br \/>\nEditor: Flammarion, Paris<br \/>\nIdioma: Franc\u00eas<br \/>\nDimens\u00f5es: 15-5 x 2 x 22 cm<br \/>\nEncaderna\u00e7\u00e3o: Capa mole<br \/>\nP\u00e1ginas: 287<\/p>\n","protected":false},"excerpt":{"rendered":"<p>LES TECHNIQUES DE L\u2019ART Jean Rudel, Elisabeth Brit, Sandra Costa, Philippe Piguet ISBN: 2-08-012254-1 Ano de edi\u00e7\u00e3o:\u00a0\u00a0 1999 Editor: Flammarion, Paris Idioma: Franc\u00eas Dimens\u00f5es: 15-5 x 2 x 22 cm Encaderna\u00e7\u00e3o: Capa mole P\u00e1ginas: 287<\/p>\n","protected":false},"featured_media":1992,"comment_status":"open","ping_status":"closed","template":"","meta":{"om_disable_all_campaigns":false,"_monsterinsights_skip_tracking":false,"_monsterinsights_sitenote_active":false,"_monsterinsights_sitenote_note":"","_monsterinsights_sitenote_category":0,"_uf_show_specific_survey":0,"_uf_disable_surveys":false},"product_cat":[24,56],"product_tag":[],"aioseo_notices":[],"jetpack_sharing_enabled":true,"_links":{"self":[{"href":"https:\/\/casadolivreiro.pt\/index.php\/wp-json\/wp\/v2\/product\/1991"}],"collection":[{"href":"https:\/\/casadolivreiro.pt\/index.php\/wp-json\/wp\/v2\/product"}],"about":[{"href":"https:\/\/casadolivreiro.pt\/index.php\/wp-json\/wp\/v2\/types\/product"}],"replies":[{"embeddable":true,"href":"https:\/\/casadolivreiro.pt\/index.php\/wp-json\/wp\/v2\/comments?post=1991"}],"wp:featuredmedia":[{"embeddable":true,"href":"https:\/\/casadolivreiro.pt\/index.php\/wp-json\/wp\/v2\/media\/1992"}],"wp:attachment":[{"href":"https:\/\/casadolivreiro.pt\/index.php\/wp-json\/wp\/v2\/media?parent=1991"}],"wp:term":[{"taxonomy":"product_cat","embeddable":true,"href":"https:\/\/casadolivreiro.pt\/index.php\/wp-json\/wp\/v2\/product_cat?post=1991"},{"taxonomy":"product_tag","embeddable":true,"href":"https:\/\/casadolivreiro.pt\/index.php\/wp-json\/wp\/v2\/product_tag?post=1991"}],"curies":[{"name":"wp","href":"https:\/\/api.w.org\/{rel}","templated":true}]}}