{"id":1989,"date":"2024-04-04T21:32:54","date_gmt":"2024-04-04T21:32:54","guid":{"rendered":"https:\/\/casadolivreiro.pt\/?post_type=product&#038;p=1989"},"modified":"2024-04-04T21:32:54","modified_gmt":"2024-04-04T21:32:54","slug":"la-pensee-sociale-en-amerique-la-revolte-contre-le-formalisme-morton-g-white","status":"publish","type":"product","link":"https:\/\/casadolivreiro.pt\/index.php\/product\/la-pensee-sociale-en-amerique-la-revolte-contre-le-formalisme-morton-g-white\/","title":{"rendered":"LA PENS\u00c9E SOCIALE EN AM\u00c9RIQUE La R\u00e9volte Contre le Formalisme &#8211; Morton G. White"},"content":{"rendered":"<p>LA PENS\u00c9E SOCIALE EN AM\u00c9RIQUE La R\u00e9volte Contre le Formalisme<br \/>\nMorton G. White<br \/>\nTraduit par Mme Mario L\u00e9vi<br \/>\nAno de edi\u00e7\u00e3o:\u00a0\u00a0 1963<br \/>\nEditor: Presses Universitaires de France, Paris<br \/>\nIdioma: Franc\u00eas<br \/>\nDimens\u00f5es: 14 x 2 x 22.5 cm<br \/>\nEncaderna\u00e7\u00e3o: Capa mole<br \/>\nP\u00e1ginas: 277<\/p>\n","protected":false},"excerpt":{"rendered":"<p>LA PENS\u00c9E SOCIALE EN AM\u00c9RIQUE La R\u00e9volte Contre le Formalisme Morton G. White Traduit par Mme Mario L\u00e9vi Ano de edi\u00e7\u00e3o:\u00a0\u00a0 1963 Editor: Presses Universitaires de France, Paris Idioma: Franc\u00eas Dimens\u00f5es: 14 x 2 x 22.5 cm Encaderna\u00e7\u00e3o: Capa mole P\u00e1ginas: 277<\/p>\n","protected":false},"featured_media":1990,"comment_status":"open","ping_status":"closed","template":"","meta":{"om_disable_all_campaigns":false,"_monsterinsights_skip_tracking":false,"_monsterinsights_sitenote_active":false,"_monsterinsights_sitenote_note":"","_monsterinsights_sitenote_category":0,"_uf_show_specific_survey":0,"_uf_disable_surveys":false},"product_cat":[31,29,30,56,51],"product_tag":[],"aioseo_notices":[],"jetpack_sharing_enabled":true,"_links":{"self":[{"href":"https:\/\/casadolivreiro.pt\/index.php\/wp-json\/wp\/v2\/product\/1989"}],"collection":[{"href":"https:\/\/casadolivreiro.pt\/index.php\/wp-json\/wp\/v2\/product"}],"about":[{"href":"https:\/\/casadolivreiro.pt\/index.php\/wp-json\/wp\/v2\/types\/product"}],"replies":[{"embeddable":true,"href":"https:\/\/casadolivreiro.pt\/index.php\/wp-json\/wp\/v2\/comments?post=1989"}],"wp:featuredmedia":[{"embeddable":true,"href":"https:\/\/casadolivreiro.pt\/index.php\/wp-json\/wp\/v2\/media\/1990"}],"wp:attachment":[{"href":"https:\/\/casadolivreiro.pt\/index.php\/wp-json\/wp\/v2\/media?parent=1989"}],"wp:term":[{"taxonomy":"product_cat","embeddable":true,"href":"https:\/\/casadolivreiro.pt\/index.php\/wp-json\/wp\/v2\/product_cat?post=1989"},{"taxonomy":"product_tag","embeddable":true,"href":"https:\/\/casadolivreiro.pt\/index.php\/wp-json\/wp\/v2\/product_tag?post=1989"}],"curies":[{"name":"wp","href":"https:\/\/api.w.org\/{rel}","templated":true}]}}