{"id":1987,"date":"2024-04-04T21:28:27","date_gmt":"2024-04-04T21:28:27","guid":{"rendered":"https:\/\/casadolivreiro.pt\/?post_type=product&#038;p=1987"},"modified":"2024-04-04T21:28:27","modified_gmt":"2024-04-04T21:28:27","slug":"le-communisme-et-leglise-catholique-le-livre-rouge-de-la-persecution-albert-galter","status":"publish","type":"product","link":"https:\/\/casadolivreiro.pt\/index.php\/product\/le-communisme-et-leglise-catholique-le-livre-rouge-de-la-persecution-albert-galter\/","title":{"rendered":"LE COMMUNISME ET L\u2019\u00c9GLISE CATHOLIQUE: le \u2018\u2019livre rouge\u2019\u2019 de la persecution &#8211; Albert Galter"},"content":{"rendered":"<p>LE COMMUNISME ET L\u2019\u00c9GLISE CATHOLIQUE: le \u2018\u2019livre rouge\u2019\u2019 de la persecution<br \/>\nAlbert Galter<br \/>\nCollection \u2018\u2019Questions Pastorales\u2019\u2019<br \/>\nAno de edi\u00e7\u00e3o:\u00a0\u00a0 1956<br \/>\nEditor: \u00c9ditions Fleurus, Paris<br \/>\nIdioma: Franc\u00eas<br \/>\nDimens\u00f5es: 15 x 2.7 x 21.5 cm<br \/>\nEncaderna\u00e7\u00e3o: Capa mole<br \/>\nP\u00e1ginas: 445<\/p>\n","protected":false},"excerpt":{"rendered":"<p>LE COMMUNISME ET L\u2019\u00c9GLISE CATHOLIQUE: le \u2018\u2019livre rouge\u2019\u2019 de la persecution Albert Galter Collection \u2018\u2019Questions Pastorales\u2019\u2019 Ano de edi\u00e7\u00e3o:\u00a0\u00a0 1956 Editor: \u00c9ditions Fleurus, Paris Idioma: Franc\u00eas Dimens\u00f5es: 15 x 2.7 x 21.5 cm Encaderna\u00e7\u00e3o: Capa mole P\u00e1ginas: 445<\/p>\n","protected":false},"featured_media":1988,"comment_status":"open","ping_status":"closed","template":"","meta":{"om_disable_all_campaigns":false,"_monsterinsights_skip_tracking":false,"_monsterinsights_sitenote_active":false,"_monsterinsights_sitenote_note":"","_monsterinsights_sitenote_category":0,"_uf_show_specific_survey":0,"_uf_disable_surveys":false},"product_cat":[29,30,51],"product_tag":[],"aioseo_notices":[],"jetpack_sharing_enabled":true,"_links":{"self":[{"href":"https:\/\/casadolivreiro.pt\/index.php\/wp-json\/wp\/v2\/product\/1987"}],"collection":[{"href":"https:\/\/casadolivreiro.pt\/index.php\/wp-json\/wp\/v2\/product"}],"about":[{"href":"https:\/\/casadolivreiro.pt\/index.php\/wp-json\/wp\/v2\/types\/product"}],"replies":[{"embeddable":true,"href":"https:\/\/casadolivreiro.pt\/index.php\/wp-json\/wp\/v2\/comments?post=1987"}],"wp:featuredmedia":[{"embeddable":true,"href":"https:\/\/casadolivreiro.pt\/index.php\/wp-json\/wp\/v2\/media\/1988"}],"wp:attachment":[{"href":"https:\/\/casadolivreiro.pt\/index.php\/wp-json\/wp\/v2\/media?parent=1987"}],"wp:term":[{"taxonomy":"product_cat","embeddable":true,"href":"https:\/\/casadolivreiro.pt\/index.php\/wp-json\/wp\/v2\/product_cat?post=1987"},{"taxonomy":"product_tag","embeddable":true,"href":"https:\/\/casadolivreiro.pt\/index.php\/wp-json\/wp\/v2\/product_tag?post=1987"}],"curies":[{"name":"wp","href":"https:\/\/api.w.org\/{rel}","templated":true}]}}