{"id":1983,"date":"2024-04-04T19:48:16","date_gmt":"2024-04-04T19:48:16","guid":{"rendered":"https:\/\/casadolivreiro.pt\/?post_type=product&#038;p=1983"},"modified":"2024-04-04T19:48:16","modified_gmt":"2024-04-04T19:48:16","slug":"a-historia-da-raca-humana-atraves-da-biografia-henry-thomas","status":"publish","type":"product","link":"https:\/\/casadolivreiro.pt\/index.php\/product\/a-historia-da-raca-humana-atraves-da-biografia-henry-thomas\/","title":{"rendered":"A HIST\u00d3RIA DA RA\u00c7A HUMANA (ATRAV\u00c9S DA BIOGRAFIA) &#8211; Henry Thomas"},"content":{"rendered":"<p>A HIST\u00d3RIA DA RA\u00c7A HUMANA (ATRAV\u00c9S DA BIOGRAFIA)<br \/>\nHenry Thomas<br \/>\nTradu\u00e7\u00e3o de Gilberto Miranda<br \/>\nAno de edi\u00e7\u00e3o:\u00a0\u00a0 1952<br \/>\nEditor: Editora Globo, Rio de Janeira<br \/>\nIdioma: Portugu\u00eas<br \/>\nDimens\u00f5es: 15 x 2.7 x 23 cm<br \/>\nEncaderna\u00e7\u00e3o: Capa mole<br \/>\nP\u00e1ginas: 363<\/p>\n","protected":false},"excerpt":{"rendered":"<p>A HIST\u00d3RIA DA RA\u00c7A HUMANA (ATRAV\u00c9S DA BIOGRAFIA) Henry Thomas Tradu\u00e7\u00e3o de Gilberto Miranda Ano de edi\u00e7\u00e3o:\u00a0\u00a0 1952 Editor: Editora Globo, Rio de Janeira Idioma: Portugu\u00eas Dimens\u00f5es: 15 x 2.7 x 23 cm Encaderna\u00e7\u00e3o: Capa mole P\u00e1ginas: 363<\/p>\n","protected":false},"featured_media":1984,"comment_status":"open","ping_status":"closed","template":"","meta":{"om_disable_all_campaigns":false,"_monsterinsights_skip_tracking":false,"_monsterinsights_sitenote_active":false,"_monsterinsights_sitenote_note":"","_monsterinsights_sitenote_category":0,"_uf_show_specific_survey":0,"_uf_disable_surveys":false},"product_cat":[28,30],"product_tag":[],"aioseo_notices":[],"jetpack_sharing_enabled":true,"_links":{"self":[{"href":"https:\/\/casadolivreiro.pt\/index.php\/wp-json\/wp\/v2\/product\/1983"}],"collection":[{"href":"https:\/\/casadolivreiro.pt\/index.php\/wp-json\/wp\/v2\/product"}],"about":[{"href":"https:\/\/casadolivreiro.pt\/index.php\/wp-json\/wp\/v2\/types\/product"}],"replies":[{"embeddable":true,"href":"https:\/\/casadolivreiro.pt\/index.php\/wp-json\/wp\/v2\/comments?post=1983"}],"wp:featuredmedia":[{"embeddable":true,"href":"https:\/\/casadolivreiro.pt\/index.php\/wp-json\/wp\/v2\/media\/1984"}],"wp:attachment":[{"href":"https:\/\/casadolivreiro.pt\/index.php\/wp-json\/wp\/v2\/media?parent=1983"}],"wp:term":[{"taxonomy":"product_cat","embeddable":true,"href":"https:\/\/casadolivreiro.pt\/index.php\/wp-json\/wp\/v2\/product_cat?post=1983"},{"taxonomy":"product_tag","embeddable":true,"href":"https:\/\/casadolivreiro.pt\/index.php\/wp-json\/wp\/v2\/product_tag?post=1983"}],"curies":[{"name":"wp","href":"https:\/\/api.w.org\/{rel}","templated":true}]}}