{"id":1981,"date":"2024-04-04T19:44:46","date_gmt":"2024-04-04T19:44:46","guid":{"rendered":"https:\/\/casadolivreiro.pt\/?post_type=product&#038;p=1981"},"modified":"2024-04-04T19:44:46","modified_gmt":"2024-04-04T19:44:46","slug":"alma-portuguesa-selecta-literaria-para-o-2-o-ciclo-volume-i-3-ano-domingos-r-pechincha-e-j-nunes-de-figueiredo","status":"publish","type":"product","link":"https:\/\/casadolivreiro.pt\/index.php\/product\/alma-portuguesa-selecta-literaria-para-o-2-o-ciclo-volume-i-3-ano-domingos-r-pechincha-e-j-nunes-de-figueiredo\/","title":{"rendered":"ALMA PORTUGUESA (Selecta liter\u00e1ria para o 2.o ciclo) Volume I (3.Ano) &#8211; Domingos R. Pechincha e J. Nunes de Figueiredo"},"content":{"rendered":"<p>ALMA PORTUGUESA (Selecta liter\u00e1ria para o 2.o ciclo) Volume I (3.Ano)<br \/>\nDomingos R. Pechincha e J. Nunes de Figueiredo<br \/>\nAno de edi\u00e7\u00e3o:\u00a0\u00a0 1958?<br \/>\nEditor: Porto Editora, Porto<br \/>\nIdioma: Portugu\u00eas<br \/>\nDimens\u00f5es: 15 x 1.5 x 21 cm<br \/>\nEncaderna\u00e7\u00e3o: Capa dura<br \/>\nP\u00e1ginas: 269<\/p>\n","protected":false},"excerpt":{"rendered":"<p>ALMA PORTUGUESA (Selecta liter\u00e1ria para o 2.o ciclo) Volume I (3.Ano) Domingos R. Pechincha e J. Nunes de Figueiredo Ano de edi\u00e7\u00e3o:\u00a0\u00a0 1958? Editor: Porto Editora, Porto Idioma: Portugu\u00eas Dimens\u00f5es: 15 x 1.5 x 21 cm Encaderna\u00e7\u00e3o: Capa dura P\u00e1ginas: 269<\/p>\n","protected":false},"featured_media":1982,"comment_status":"open","ping_status":"closed","template":"","meta":{"om_disable_all_campaigns":false,"_monsterinsights_skip_tracking":false,"_monsterinsights_sitenote_active":false,"_monsterinsights_sitenote_note":"","_monsterinsights_sitenote_category":0,"_uf_show_specific_survey":0,"_uf_disable_surveys":false},"product_cat":[24,31,47,30],"product_tag":[],"aioseo_notices":[],"jetpack_sharing_enabled":true,"_links":{"self":[{"href":"https:\/\/casadolivreiro.pt\/index.php\/wp-json\/wp\/v2\/product\/1981"}],"collection":[{"href":"https:\/\/casadolivreiro.pt\/index.php\/wp-json\/wp\/v2\/product"}],"about":[{"href":"https:\/\/casadolivreiro.pt\/index.php\/wp-json\/wp\/v2\/types\/product"}],"replies":[{"embeddable":true,"href":"https:\/\/casadolivreiro.pt\/index.php\/wp-json\/wp\/v2\/comments?post=1981"}],"wp:featuredmedia":[{"embeddable":true,"href":"https:\/\/casadolivreiro.pt\/index.php\/wp-json\/wp\/v2\/media\/1982"}],"wp:attachment":[{"href":"https:\/\/casadolivreiro.pt\/index.php\/wp-json\/wp\/v2\/media?parent=1981"}],"wp:term":[{"taxonomy":"product_cat","embeddable":true,"href":"https:\/\/casadolivreiro.pt\/index.php\/wp-json\/wp\/v2\/product_cat?post=1981"},{"taxonomy":"product_tag","embeddable":true,"href":"https:\/\/casadolivreiro.pt\/index.php\/wp-json\/wp\/v2\/product_tag?post=1981"}],"curies":[{"name":"wp","href":"https:\/\/api.w.org\/{rel}","templated":true}]}}