{"id":1979,"date":"2024-04-04T19:40:43","date_gmt":"2024-04-04T19:40:43","guid":{"rendered":"https:\/\/casadolivreiro.pt\/?post_type=product&#038;p=1979"},"modified":"2024-04-04T19:40:43","modified_gmt":"2024-04-04T19:40:43","slug":"marcos-da-arte-portuguesa","status":"publish","type":"product","link":"https:\/\/casadolivreiro.pt\/index.php\/product\/marcos-da-arte-portuguesa\/","title":{"rendered":"MARCOS DA ARTE PORTUGUESA"},"content":{"rendered":"<p>MARCOS DA ARTE PORTUGUESA<br \/>\nAutor: V\u00e1rios<br \/>\nAno de edi\u00e7\u00e3o:\u00a0\u00a0 1986<br \/>\nEditor: Publica\u00e7\u00f5es Alfa S.A., Lisboa<br \/>\nIdioma: Portugu\u00eas<br \/>\nDimens\u00f5es: 20 x 2.3 x 18 cm<br \/>\nEncaderna\u00e7\u00e3o: Capa dura<br \/>\nP\u00e1ginas: Com cerca de 312 p\u00e1gs. numeradas por folha.<br \/>\nProfusamente ilustrado.<\/p>\n","protected":false},"excerpt":{"rendered":"<p>MARCOS DA ARTE PORTUGUESA Autor: V\u00e1rios Ano de edi\u00e7\u00e3o:\u00a0\u00a0 1986 Editor: Publica\u00e7\u00f5es Alfa S.A., Lisboa Idioma: Portugu\u00eas Dimens\u00f5es: 20 x 2.3 x 18 cm Encaderna\u00e7\u00e3o: Capa dura P\u00e1ginas: Com cerca de 312 p\u00e1gs. numeradas por folha. Profusamente ilustrado.<\/p>\n","protected":false},"featured_media":1980,"comment_status":"open","ping_status":"closed","template":"","meta":{"om_disable_all_campaigns":false,"_monsterinsights_skip_tracking":false,"_monsterinsights_sitenote_active":false,"_monsterinsights_sitenote_note":"","_monsterinsights_sitenote_category":0,"_uf_show_specific_survey":0,"_uf_disable_surveys":false},"product_cat":[24],"product_tag":[],"aioseo_notices":[],"jetpack_sharing_enabled":true,"_links":{"self":[{"href":"https:\/\/casadolivreiro.pt\/index.php\/wp-json\/wp\/v2\/product\/1979"}],"collection":[{"href":"https:\/\/casadolivreiro.pt\/index.php\/wp-json\/wp\/v2\/product"}],"about":[{"href":"https:\/\/casadolivreiro.pt\/index.php\/wp-json\/wp\/v2\/types\/product"}],"replies":[{"embeddable":true,"href":"https:\/\/casadolivreiro.pt\/index.php\/wp-json\/wp\/v2\/comments?post=1979"}],"wp:featuredmedia":[{"embeddable":true,"href":"https:\/\/casadolivreiro.pt\/index.php\/wp-json\/wp\/v2\/media\/1980"}],"wp:attachment":[{"href":"https:\/\/casadolivreiro.pt\/index.php\/wp-json\/wp\/v2\/media?parent=1979"}],"wp:term":[{"taxonomy":"product_cat","embeddable":true,"href":"https:\/\/casadolivreiro.pt\/index.php\/wp-json\/wp\/v2\/product_cat?post=1979"},{"taxonomy":"product_tag","embeddable":true,"href":"https:\/\/casadolivreiro.pt\/index.php\/wp-json\/wp\/v2\/product_tag?post=1979"}],"curies":[{"name":"wp","href":"https:\/\/api.w.org\/{rel}","templated":true}]}}