{"id":1974,"date":"2024-04-04T19:36:21","date_gmt":"2024-04-04T19:36:21","guid":{"rendered":"https:\/\/casadolivreiro.pt\/?post_type=product&#038;p=1974"},"modified":"2024-04-04T19:36:21","modified_gmt":"2024-04-04T19:36:21","slug":"au-coeur-de-la-vie-pierre-de-coulevain","status":"publish","type":"product","link":"https:\/\/casadolivreiro.pt\/index.php\/product\/au-coeur-de-la-vie-pierre-de-coulevain\/","title":{"rendered":"AU COEUR DE LA VIE &#8211; Pierre de Coulevain"},"content":{"rendered":"<p>AU COEUR DE LA VIE<br \/>\nPierre de Coulevain<br \/>\nAno de edi\u00e7\u00e3o:\u00a0\u00a0 1909<br \/>\nEditor: Calnann-L\u00e9vy, \u00c9diteurs, Paris<br \/>\nIdioma: Franc\u00eas<br \/>\nDimens\u00f5es: 12 x 3 x 18.5 cm<br \/>\nEncaderna\u00e7\u00e3o: Capa dura<br \/>\nP\u00e1ginas: 411<\/p>\n","protected":false},"excerpt":{"rendered":"<p>AU COEUR DE LA VIE Pierre de Coulevain Ano de edi\u00e7\u00e3o:\u00a0\u00a0 1909 Editor: Calnann-L\u00e9vy, \u00c9diteurs, Paris Idioma: Franc\u00eas Dimens\u00f5es: 12 x 3 x 18.5 cm Encaderna\u00e7\u00e3o: Capa dura P\u00e1ginas: 411<\/p>\n","protected":false},"featured_media":1975,"comment_status":"open","ping_status":"closed","template":"","meta":{"om_disable_all_campaigns":false,"_monsterinsights_skip_tracking":false,"_monsterinsights_sitenote_active":false,"_monsterinsights_sitenote_note":"","_monsterinsights_sitenote_category":0,"_uf_show_specific_survey":0,"_uf_disable_surveys":false},"product_cat":[56],"product_tag":[],"aioseo_notices":[],"jetpack_sharing_enabled":true,"_links":{"self":[{"href":"https:\/\/casadolivreiro.pt\/index.php\/wp-json\/wp\/v2\/product\/1974"}],"collection":[{"href":"https:\/\/casadolivreiro.pt\/index.php\/wp-json\/wp\/v2\/product"}],"about":[{"href":"https:\/\/casadolivreiro.pt\/index.php\/wp-json\/wp\/v2\/types\/product"}],"replies":[{"embeddable":true,"href":"https:\/\/casadolivreiro.pt\/index.php\/wp-json\/wp\/v2\/comments?post=1974"}],"wp:featuredmedia":[{"embeddable":true,"href":"https:\/\/casadolivreiro.pt\/index.php\/wp-json\/wp\/v2\/media\/1975"}],"wp:attachment":[{"href":"https:\/\/casadolivreiro.pt\/index.php\/wp-json\/wp\/v2\/media?parent=1974"}],"wp:term":[{"taxonomy":"product_cat","embeddable":true,"href":"https:\/\/casadolivreiro.pt\/index.php\/wp-json\/wp\/v2\/product_cat?post=1974"},{"taxonomy":"product_tag","embeddable":true,"href":"https:\/\/casadolivreiro.pt\/index.php\/wp-json\/wp\/v2\/product_tag?post=1974"}],"curies":[{"name":"wp","href":"https:\/\/api.w.org\/{rel}","templated":true}]}}